{"id":4909,"date":"2011-05-31T12:01:04","date_gmt":"2011-05-31T03:01:04","guid":{"rendered":"https:\/\/accacom.jp\/anfrage\/"},"modified":"2022-10-07T21:50:58","modified_gmt":"2022-10-07T12:50:58","slug":"anfrage","status":"publish","type":"page","link":"https:\/\/accacom.jp\/de\/anfrage\/","title":{"rendered":"Anfrage"},"content":{"rendered":"\t\t<div data-elementor-type=\"wp-page\" data-elementor-id=\"4909\" class=\"elementor elementor-4909\" data-elementor-post-type=\"page\">\n\t\t\t\t\t\t<section class=\"elementor-section elementor-top-section elementor-element elementor-element-426c5ce elementor-section-boxed elementor-section-height-default elementor-section-height-default\" data-id=\"426c5ce\" data-element_type=\"section\" data-e-type=\"section\" data-settings=\"{&quot;background_background&quot;:&quot;classic&quot;,&quot;ekit_has_onepagescroll_dot&quot;:&quot;yes&quot;}\">\n\t\t\t\t\t\t\t<div class=\"elementor-background-overlay\"><\/div>\n\t\t\t\t\t\t\t<div class=\"elementor-container elementor-column-gap-default\">\n\t\t\t\t\t<div class=\"elementor-column elementor-col-100 elementor-top-column elementor-element elementor-element-bdc6b66\" data-id=\"bdc6b66\" data-element_type=\"column\" data-e-type=\"column\">\n\t\t\t<div class=\"elementor-widget-wrap elementor-element-populated\">\n\t\t\t\t\t\t<div class=\"elementor-element elementor-element-18b547c elementor-widget elementor-widget-heading\" data-id=\"18b547c\" data-element_type=\"widget\" data-e-type=\"widget\" data-settings=\"{&quot;ekit_we_effect_on&quot;:&quot;none&quot;}\" data-widget_type=\"heading.default\">\n\t\t\t\t<div class=\"elementor-widget-container\">\n\t\t\t\t\t<h2 class=\"elementor-heading-title elementor-size-default\">Kontakt<\/h2>\t\t\t\t<\/div>\n\t\t\t\t<\/div>\n\t\t\t\t<div class=\"elementor-element elementor-element-2595af0 elementor-icon-list--layout-inline elementor-align-center elementor-list-item-link-full_width elementor-widget elementor-widget-icon-list\" data-id=\"2595af0\" data-element_type=\"widget\" data-e-type=\"widget\" data-settings=\"{&quot;ekit_we_effect_on&quot;:&quot;none&quot;}\" data-widget_type=\"icon-list.default\">\n\t\t\t\t<div class=\"elementor-widget-container\">\n\t\t\t\t\t\t\t<ul class=\"elementor-icon-list-items elementor-inline-items\">\n\t\t\t\t\t\t\t<li class=\"elementor-icon-list-item elementor-inline-item\">\n\t\t\t\t\t\t\t\t\t\t\t<a href=\"\/\">\n\n\t\t\t\t\t\t\t\t\t\t\t<span class=\"elementor-icon-list-text\">Startseite<\/span>\n\t\t\t\t\t\t\t\t\t\t\t<\/a>\n\t\t\t\t\t\t\t\t\t<\/li>\n\t\t\t\t\t\t\t\t<li class=\"elementor-icon-list-item elementor-inline-item\">\n\t\t\t\t\t\t\t\t\t\t\t<span class=\"elementor-icon-list-icon\">\n\t\t\t\t\t\t\t<i aria-hidden=\"true\" class=\"fas fa-chevron-right\"><\/i>\t\t\t\t\t\t<\/span>\n\t\t\t\t\t\t\t\t\t\t<span class=\"elementor-icon-list-text\">Kontakt<\/span>\n\t\t\t\t\t\t\t\t\t<\/li>\n\t\t\t\t\t\t<\/ul>\n\t\t\t\t\t\t<\/div>\n\t\t\t\t<\/div>\n\t\t\t\t\t<\/div>\n\t\t<\/div>\n\t\t\t\t\t<\/div>\n\t\t<\/section>\n\t\t\t\t<section class=\"elementor-section elementor-top-section elementor-element elementor-element-90405da elementor-section-boxed elementor-section-height-default elementor-section-height-default\" data-id=\"90405da\" data-element_type=\"section\" data-e-type=\"section\" data-settings=\"{&quot;ekit_has_onepagescroll_dot&quot;:&quot;yes&quot;}\">\n\t\t\t\t\t\t<div class=\"elementor-container elementor-column-gap-default\">\n\t\t\t\t\t<div class=\"elementor-column elementor-col-100 elementor-top-column elementor-element elementor-element-fbb9472\" data-id=\"fbb9472\" data-element_type=\"column\" data-e-type=\"column\">\n\t\t\t<div class=\"elementor-widget-wrap elementor-element-populated\">\n\t\t\t\t\t\t<div class=\"elementor-element elementor-element-43147dd elementor-widget elementor-widget-text-editor\" data-id=\"43147dd\" data-element_type=\"widget\" data-e-type=\"widget\" data-settings=\"{&quot;ekit_we_effect_on&quot;:&quot;none&quot;}\" data-widget_type=\"text-editor.default\">\n\t\t\t\t<div class=\"elementor-widget-container\">\n\t\t\t\t\t\t\t\t\t<h2 style=\"font-family: Roboto, sans-serif; color: rgb(69, 69, 69);\">Kontakt<\/h2>\n<p>F\u00fcr verschiedene Dienstleistungen, Produktion, Betrieb, Beratung und Seminaranfragen k\u00f6nnen Sie uns gerne kontaktieren.<\/p>\n<p>Ein Vertreter wird Ihnen innerhalb von zwei Arbeitstagen antworten.<\/p>\t\t\t\t\t\t\t\t<\/div>\n\t\t\t\t<\/div>\n\t\t\t\t\t<\/div>\n\t\t<\/div>\n\t\t\t\t\t<\/div>\n\t\t<\/section>\n\t\t\t\t<section class=\"elementor-section elementor-top-section elementor-element elementor-element-2fcc505e elementor-section-boxed elementor-section-height-default elementor-section-height-default\" data-id=\"2fcc505e\" data-element_type=\"section\" data-e-type=\"section\" data-settings=\"{&quot;ekit_has_onepagescroll_dot&quot;:&quot;yes&quot;}\">\n\t\t\t\t\t\t<div class=\"elementor-container elementor-column-gap-default\">\n\t\t\t\t\t<div class=\"elementor-column elementor-col-100 elementor-top-column elementor-element elementor-element-7d3cf37a\" data-id=\"7d3cf37a\" data-element_type=\"column\" data-e-type=\"column\">\n\t\t\t<div class=\"elementor-widget-wrap elementor-element-populated\">\n\t\t\t\t\t\t<div class=\"elementor-element elementor-element-28025d48 elementor-widget elementor-widget-text-editor\" data-id=\"28025d48\" data-element_type=\"widget\" data-e-type=\"widget\" data-settings=\"{&quot;ekit_we_effect_on&quot;:&quot;none&quot;}\" data-widget_type=\"text-editor.default\">\n\t\t\t\t<div class=\"elementor-widget-container\">\n\t\t\t\t\t\t\t\t\t<p><iframe src=\"https:\/\/docs.google.com\/forms\/d\/e\/1FAIpQLScvrYdjUhCyNIz8xcZjaksdDGTV6SGb7g_4fjZ1Xr9IpF1FzA\/viewform?embedded=true\" width=\"640\" height=\"1068\" frameborder=\"0\" marginwidth=\"0\" marginheight=\"0\">Laden&#8230;<\/iframe><\/p>\n\t\t\t\t\t\t\t\t<\/div>\n\t\t\t\t<\/div>\n\t\t\t\t\t<\/div>\n\t\t<\/div>\n\t\t\t\t\t<\/div>\n\t\t<\/section>\n\t\t\t\t<section class=\"elementor-section elementor-top-section elementor-element elementor-element-5e475ed elementor-section-boxed elementor-section-height-default elementor-section-height-default\" data-id=\"5e475ed\" data-element_type=\"section\" data-e-type=\"section\" data-settings=\"{&quot;ekit_has_onepagescroll_dot&quot;:&quot;yes&quot;}\">\n\t\t\t\t\t\t<div class=\"elementor-container elementor-column-gap-default\">\n\t\t\t\t\t<div class=\"elementor-column elementor-col-100 elementor-top-column elementor-element elementor-element-06eff74\" data-id=\"06eff74\" data-element_type=\"column\" data-e-type=\"column\">\n\t\t\t<div class=\"elementor-widget-wrap elementor-element-populated\">\n\t\t\t\t\t\t<div class=\"elementor-element elementor-element-bcd0abc elementor-widget elementor-widget-text-editor\" data-id=\"bcd0abc\" data-element_type=\"widget\" data-e-type=\"widget\" data-settings=\"{&quot;ekit_we_effect_on&quot;:&quot;none&quot;}\" data-widget_type=\"text-editor.default\">\n\t\t\t\t<div class=\"elementor-widget-container\">\n\t\t\t\t\t\t\t\t\t<h2>Dedizierter Ansprechpartner f\u00fcr WordPress-Kurse<\/h2>\n<h2><a href=\"https:\/\/www.8seminar.com\/mailform\/\"><img decoding=\"async\" class=\"alignleft size-medium\" src=\"https:\/\/www.8seminar.com\/wp-content\/uploads\/elementor\/thumbs\/71bd2515f44d0501be204593a8b05b56-1-pmdrksjd6l347hnua61d7jjjnwiqkwzm8vfkediyxe.png\" alt=\"Hacchan-Seminar, bei dem Sie WordPress lernen k\u00f6nnen.\" width=\"300\" height=\"85\"><\/a><\/h2>\n<\/p>\n<p><a href=\"https:\/\/profile.dreamgate.gr.jp\/consul\/pro\/uzurys\/mailform_view\/\" target=\"_self\" rel=\"noopener\"><br \/><\/a><\/p>\n<p><a href=\"https:\/\/profile.dreamgate.gr.jp\/consul\/pro\/uzurys\/mailform_view\/\" target=\"_self\" rel=\"noopener\"> <\/a><\/p>\n<p>Bitte tun Sie dies <a href=\"https:\/\/www.8seminar.com\/mailform\/\" target=\"_blank\" rel=\"noopener\">\u00fcber die &#8222;Hacchan Seminar Dedicated Page<\/a> &#8222;.<a style=\"font-family: var( --e-global-typography-text-font-family ), Sans-serif; font-weight: var( --e-global-typography-text-font-weight ); font-size: 1rem; background-color: #ffffff;\" href=\"https:\/\/profile.dreamgate.gr.jp\/consul\/pro\/uzurys\/mailform_view\/\" target=\"_self\" rel=\"noopener\"> <\/a><\/p>\n<\/p>\n<h3>\u00dcber die Gr\u00fcndung eines Unternehmens<\/h3>\n<p>Bitte tun Sie dies <a href=\"https:\/\/profile.dreamgate.gr.jp\/consul\/pro\/uzurys\/mailform_view\/\" target=\"_blank\" rel=\"noopener\">\u00fcber das &#8222;Dreamgate<\/a> &#8222;.<\/p>\n<p><iframe title=\"2-22-14, Minami Aoyama, Minato-ku, Tokio\" src=\"https:\/\/maps.google.com\/maps?q=%E6%9D%B1%E4%BA%AC%E9%83%BD%E6%B8%AF%E5%8C%BA%E5%8D%97%E9%9D%92%E5%B1%B12-22-14&amp;t=m&amp;z=18&amp;output=embed&amp;iwloc=near\" frameborder=\"0\" marginwidth=\"0\" marginheight=\"0\" scrolling=\"no\" aria-label=\"\u6771\u4eac\u90fd\u6e2f\u533a\u5357\u9752\u5c712-22-14\"><\/iframe><\/p>\n\t\t\t\t\t\t\t\t<\/div>\n\t\t\t\t<\/div>\n\t\t\t\t\t<\/div>\n\t\t<\/div>\n\t\t\t\t\t<\/div>\n\t\t<\/section>\n\t\t\t\t<\/div>\n\t\t","protected":false},"excerpt":{"rendered":"<p>Kontakt Startseite Kontakt Kontakt F\u00fcr verschiedene Dienstleistungen, Produktion, Betrieb, Beratung und Seminaranfragen k\u00f6nnen Sie uns gerne kontaktieren. Ein Vertreter wird Ihnen innerhalb von zwei Arbeitstagen antworten. Laden&#8230; Dedizierter Ansprechpartner f\u00fcr WordPress-Kurse Bitte tun Sie dies \u00fcber die &#8222;Hacchan Seminar Dedicated Page &#8222;. \u00dcber die Gr\u00fcndung eines Unternehmens Bitte tun Sie dies \u00fcber das &#8222;Dreamgate &#8222;.<\/p>\n","protected":false},"author":1,"featured_media":3858,"parent":0,"menu_order":14,"comment_status":"closed","ping_status":"closed","template":"elementor_header_footer","meta":{"vkexunit_cta_each_option":"","footnotes":""},"class_list":["post-4909","page","type-page","status-publish","has-post-thumbnail","hentry"],"_links":{"self":[{"href":"https:\/\/accacom.jp\/de\/wp-json\/wp\/v2\/pages\/4909","targetHints":{"allow":["GET"]}}],"collection":[{"href":"https:\/\/accacom.jp\/de\/wp-json\/wp\/v2\/pages"}],"about":[{"href":"https:\/\/accacom.jp\/de\/wp-json\/wp\/v2\/types\/page"}],"author":[{"embeddable":true,"href":"https:\/\/accacom.jp\/de\/wp-json\/wp\/v2\/users\/1"}],"replies":[{"embeddable":true,"href":"https:\/\/accacom.jp\/de\/wp-json\/wp\/v2\/comments?post=4909"}],"version-history":[{"count":0,"href":"https:\/\/accacom.jp\/de\/wp-json\/wp\/v2\/pages\/4909\/revisions"}],"wp:featuredmedia":[{"embeddable":true,"href":"https:\/\/accacom.jp\/de\/wp-json\/wp\/v2\/media\/3858"}],"wp:attachment":[{"href":"https:\/\/accacom.jp\/de\/wp-json\/wp\/v2\/media?parent=4909"}],"curies":[{"name":"wp","href":"https:\/\/api.w.org\/{rel}","templated":true}]}}