{"id":4925,"date":"2021-11-05T11:13:23","date_gmt":"2021-11-05T02:13:23","guid":{"rendered":"https:\/\/accacom.jp\/copyright-haftungsausschluss\/"},"modified":"2022-10-07T21:55:35","modified_gmt":"2022-10-07T12:55:35","slug":"copyright-haftungsausschluss","status":"publish","type":"page","link":"https:\/\/accacom.jp\/de\/copyright-haftungsausschluss\/","title":{"rendered":"Copyright\/Haftungsausschluss."},"content":{"rendered":"\t\t<div data-elementor-type=\"wp-page\" data-elementor-id=\"4925\" class=\"elementor elementor-4925\" data-elementor-post-type=\"page\">\n\t\t\t\t\t\t<section class=\"elementor-section elementor-top-section elementor-element elementor-element-37a9f3f elementor-section-boxed elementor-section-height-default elementor-section-height-default\" data-id=\"37a9f3f\" data-element_type=\"section\" data-e-type=\"section\" data-settings=\"{&quot;background_background&quot;:&quot;classic&quot;,&quot;ekit_has_onepagescroll_dot&quot;:&quot;yes&quot;}\">\n\t\t\t\t\t\t\t<div class=\"elementor-background-overlay\"><\/div>\n\t\t\t\t\t\t\t<div class=\"elementor-container elementor-column-gap-default\">\n\t\t\t\t\t<div class=\"elementor-column elementor-col-100 elementor-top-column elementor-element elementor-element-d4365ce\" data-id=\"d4365ce\" data-element_type=\"column\" data-e-type=\"column\">\n\t\t\t<div class=\"elementor-widget-wrap elementor-element-populated\">\n\t\t\t\t\t\t<div class=\"elementor-element elementor-element-31ed5fa elementor-widget elementor-widget-heading\" data-id=\"31ed5fa\" data-element_type=\"widget\" data-e-type=\"widget\" data-settings=\"{&quot;ekit_we_effect_on&quot;:&quot;none&quot;}\" data-widget_type=\"heading.default\">\n\t\t\t\t<div class=\"elementor-widget-container\">\n\t\t\t\t\t<h2 class=\"elementor-heading-title elementor-size-default\">Copyright \/ Haftungsausschluss<\/h2>\t\t\t\t<\/div>\n\t\t\t\t<\/div>\n\t\t\t\t<div class=\"elementor-element elementor-element-76fbff2 elementor-icon-list--layout-inline elementor-align-center elementor-list-item-link-full_width elementor-widget elementor-widget-icon-list\" data-id=\"76fbff2\" data-element_type=\"widget\" data-e-type=\"widget\" data-settings=\"{&quot;ekit_we_effect_on&quot;:&quot;none&quot;}\" data-widget_type=\"icon-list.default\">\n\t\t\t\t<div class=\"elementor-widget-container\">\n\t\t\t\t\t\t\t<ul class=\"elementor-icon-list-items elementor-inline-items\">\n\t\t\t\t\t\t\t<li class=\"elementor-icon-list-item elementor-inline-item\">\n\t\t\t\t\t\t\t\t\t\t\t<a href=\"\/\">\n\n\t\t\t\t\t\t\t\t\t\t\t<span class=\"elementor-icon-list-text\">Startseite<\/span>\n\t\t\t\t\t\t\t\t\t\t\t<\/a>\n\t\t\t\t\t\t\t\t\t<\/li>\n\t\t\t\t\t\t\t\t<li class=\"elementor-icon-list-item elementor-inline-item\">\n\t\t\t\t\t\t\t\t\t\t\t<span class=\"elementor-icon-list-icon\">\n\t\t\t\t\t\t\t<i aria-hidden=\"true\" class=\"fas fa-chevron-right\"><\/i>\t\t\t\t\t\t<\/span>\n\t\t\t\t\t\t\t\t\t\t<span class=\"elementor-icon-list-text\">Copyright.<\/span>\n\t\t\t\t\t\t\t\t\t<\/li>\n\t\t\t\t\t\t<\/ul>\n\t\t\t\t\t\t<\/div>\n\t\t\t\t<\/div>\n\t\t\t\t\t<\/div>\n\t\t<\/div>\n\t\t\t\t\t<\/div>\n\t\t<\/section>\n\t\t\t\t<section class=\"elementor-section elementor-top-section elementor-element elementor-element-38ea6786 elementor-section-boxed elementor-section-height-default elementor-section-height-default\" data-id=\"38ea6786\" data-element_type=\"section\" data-e-type=\"section\" data-settings=\"{&quot;ekit_has_onepagescroll_dot&quot;:&quot;yes&quot;}\">\n\t\t\t\t\t\t<div class=\"elementor-container elementor-column-gap-default\">\n\t\t\t\t\t<div class=\"elementor-column elementor-col-100 elementor-top-column elementor-element elementor-element-17f2c0c8\" data-id=\"17f2c0c8\" data-element_type=\"column\" data-e-type=\"column\">\n\t\t\t<div class=\"elementor-widget-wrap elementor-element-populated\">\n\t\t\t\t\t\t<div class=\"elementor-element elementor-element-669f4cc elementor-widget elementor-widget-heading\" data-id=\"669f4cc\" data-element_type=\"widget\" data-e-type=\"widget\" data-settings=\"{&quot;ekit_we_effect_on&quot;:&quot;none&quot;}\" data-widget_type=\"heading.default\">\n\t\t\t\t<div class=\"elementor-widget-container\">\n\t\t\t\t\t<h5 class=\"elementor-heading-title elementor-size-default\">Copyright \/ Haftungsausschluss<\/h5>\t\t\t\t<\/div>\n\t\t\t\t<\/div>\n\t\t\t\t<div class=\"elementor-element elementor-element-0f41ff6 elementor-widget elementor-widget-heading\" data-id=\"0f41ff6\" data-element_type=\"widget\" data-e-type=\"widget\" data-settings=\"{&quot;ekit_we_effect_on&quot;:&quot;none&quot;}\" data-widget_type=\"heading.default\">\n\t\t\t\t<div class=\"elementor-widget-container\">\n\t\t\t\t\t<h2 class=\"elementor-heading-title elementor-size-default\">Copyright\/Haftungsausschluss.<\/h2>\t\t\t\t<\/div>\n\t\t\t\t<\/div>\n\t\t\t\t<div class=\"elementor-element elementor-element-3cdc2da elementor-widget-divider--view-line elementor-widget elementor-widget-divider\" data-id=\"3cdc2da\" data-element_type=\"widget\" data-e-type=\"widget\" data-settings=\"{&quot;ekit_we_effect_on&quot;:&quot;none&quot;}\" data-widget_type=\"divider.default\">\n\t\t\t\t<div class=\"elementor-widget-container\">\n\t\t\t\t\t\t\t<div class=\"elementor-divider\">\n\t\t\t<span class=\"elementor-divider-separator\">\n\t\t\t\t\t\t<\/span>\n\t\t<\/div>\n\t\t\t\t\t\t<\/div>\n\t\t\t\t<\/div>\n\t\t\t\t<div class=\"elementor-element elementor-element-43682110 elementor-widget elementor-widget-text-editor\" data-id=\"43682110\" data-element_type=\"widget\" data-e-type=\"widget\" data-settings=\"{&quot;ekit_we_effect_on&quot;:&quot;none&quot;}\" data-widget_type=\"text-editor.default\">\n\t\t\t\t<div class=\"elementor-widget-container\">\n\t\t\t\t\t\t\t\t\t<p><b>Copyright.<\/b><\/p>\n<ul>\n<li>Das Urheberrecht an den Texten, Fotos, Illustrationen, Grafiken, dem Layout usw. auf dieser Website liegt bei der Gesellschaft.<\/li>\n<\/ul>\n<ul>\n<li>Das Urheberrecht ist durch das japanische Urheberrechtsgesetz und internationale Vertr\u00e4ge gesch\u00fctzt.<\/li>\n<\/ul>\n<ul>\n<li>Bitte unterlassen Sie unerlaubte Abwandlungen oder Vervielf\u00e4ltigungen au\u00dferhalb des urheberrechtlich zul\u00e4ssigen Rahmens.<\/li>\n<\/ul>\n<p><b>Haftungsausschluss.  <\/b><\/p>\n<ul>\n<li>Das Urheberrecht des Foto-, Illustrations- und Videomaterials, das bei der Beschreibung der Seiten und anderer Informationen auf dieser Website verwendet wird, unterliegt den Bedingungen der Vertriebs- und Materialseite.<\/li>\n<\/ul>\n<ul>\n<li>Bitte beachten Sie, dass die Bildschirme und Informationen auf dieser Website ohne Vorank\u00fcndigung ge\u00e4ndert oder gel\u00f6scht werden k\u00f6nnen, und dass der Betrieb dieser Website ausgesetzt oder beendet werden kann.<\/li>\n<\/ul>\n<ul>\n<li>In der Regel werden die Marken \u00ae, TM und \u00a9 auf dieser Website nicht angezeigt.<\/li>\n<\/ul>\n<ul>\n<li>Links von dieser Website zu Websites, die von Dritten betrieben werden, und Links von anderen Websites zu dieser Website k\u00f6nnen bereitgestellt werden, aber wir machen uns den Inhalt anderer Websites nicht zu eigen.<\/li>\n<li>Wir k\u00f6nnen nicht f\u00fcr Sch\u00e4den haftbar gemacht werden, die durch andere Websites oder Interneteinrichtungen verursacht werden, auf die von dieser Website aus verwiesen wird.<\/li>\n<\/ul>\n\t\t\t\t\t\t\t\t<\/div>\n\t\t\t\t<\/div>\n\t\t\t\t\t<\/div>\n\t\t<\/div>\n\t\t\t\t\t<\/div>\n\t\t<\/section>\n\t\t\t\t<\/div>\n\t\t","protected":false},"excerpt":{"rendered":"<p>Copyright \/ Haftungsausschluss Startseite Copyright. Copyright \/ Haftungsausschluss Copyright\/Haftungsausschluss. Copyright. Das Urheberrecht an den Texten, Fotos, Illustrationen, Grafiken, dem Layout usw. auf dieser Website liegt bei der Gesellschaft. Das Urheberrecht ist durch das japanische Urheberrechtsgesetz und internationale Vertr\u00e4ge gesch\u00fctzt. Bitte unterlassen Sie unerlaubte Abwandlungen oder Vervielf\u00e4ltigungen au\u00dferhalb des urheberrechtlich zul\u00e4ssigen Rahmens. Haftungsausschluss. Das Urheberrecht des [&hellip;]<\/p>\n","protected":false},"author":1,"featured_media":0,"parent":0,"menu_order":0,"comment_status":"closed","ping_status":"closed","template":"","meta":{"sns_share_botton_hide":"","vkExUnit_sns_title":"","_vk_print_noindex":"","sitemap_hide":"","vkExUnit_sitemap":"","_veu_custom_css":"","veu_display_promotion_alert":"","_exclude_from_list_pages":"","vkexunit_cta_each_option":"","vkExUnit_childPageIndex":"","vkExUnit_pageList_ancestor":"","vkExUnit_contact_enable":"","footnotes":""},"class_list":["post-4925","page","type-page","status-publish","hentry"],"veu_head_title_object":{"title":"","add_site_title":""},"_links":{"self":[{"href":"https:\/\/accacom.jp\/de\/wp-json\/wp\/v2\/pages\/4925","targetHints":{"allow":["GET"]}}],"collection":[{"href":"https:\/\/accacom.jp\/de\/wp-json\/wp\/v2\/pages"}],"about":[{"href":"https:\/\/accacom.jp\/de\/wp-json\/wp\/v2\/types\/page"}],"author":[{"embeddable":true,"href":"https:\/\/accacom.jp\/de\/wp-json\/wp\/v2\/users\/1"}],"replies":[{"embeddable":true,"href":"https:\/\/accacom.jp\/de\/wp-json\/wp\/v2\/comments?post=4925"}],"version-history":[{"count":0,"href":"https:\/\/accacom.jp\/de\/wp-json\/wp\/v2\/pages\/4925\/revisions"}],"wp:attachment":[{"href":"https:\/\/accacom.jp\/de\/wp-json\/wp\/v2\/media?parent=4925"}],"curies":[{"name":"wp","href":"https:\/\/api.w.org\/{rel}","templated":true}]}}