{"id":4935,"date":"2022-10-07T21:45:07","date_gmt":"2022-10-07T12:45:07","guid":{"rendered":"https:\/\/accacom.jp\/grundlegende-informationssicherheitspolitik\/"},"modified":"2022-10-07T21:57:59","modified_gmt":"2022-10-07T12:57:59","slug":"grundlegende-informationssicherheitspolitik","status":"publish","type":"page","link":"https:\/\/accacom.jp\/de\/grundlegende-informationssicherheitspolitik\/","title":{"rendered":"Grundlegende Informationssicherheitspolitik"},"content":{"rendered":"\t\t<div data-elementor-type=\"wp-page\" data-elementor-id=\"4935\" class=\"elementor elementor-4935\" data-elementor-post-type=\"page\">\n\t\t\t\t\t\t<section class=\"elementor-section elementor-top-section elementor-element elementor-element-ed1bb89 elementor-section-boxed elementor-section-height-default elementor-section-height-default\" data-id=\"ed1bb89\" data-element_type=\"section\" data-e-type=\"section\" data-settings=\"{&quot;background_background&quot;:&quot;classic&quot;,&quot;ekit_has_onepagescroll_dot&quot;:&quot;yes&quot;}\">\n\t\t\t\t\t\t\t<div class=\"elementor-background-overlay\"><\/div>\n\t\t\t\t\t\t\t<div class=\"elementor-container elementor-column-gap-default\">\n\t\t\t\t\t<div class=\"elementor-column elementor-col-100 elementor-top-column elementor-element elementor-element-2db2a98\" data-id=\"2db2a98\" data-element_type=\"column\" data-e-type=\"column\">\n\t\t\t<div class=\"elementor-widget-wrap elementor-element-populated\">\n\t\t\t\t\t\t<div class=\"elementor-element elementor-element-5976a069 elementor-widget elementor-widget-heading\" data-id=\"5976a069\" data-element_type=\"widget\" data-e-type=\"widget\" data-settings=\"{&quot;ekit_we_effect_on&quot;:&quot;none&quot;}\" data-widget_type=\"heading.default\">\n\t\t\t\t<div class=\"elementor-widget-container\">\n\t\t\t\t\t<h2 class=\"elementor-heading-title elementor-size-default\">Informationssicherheit<\/h2>\t\t\t\t<\/div>\n\t\t\t\t<\/div>\n\t\t\t\t<div class=\"elementor-element elementor-element-1a0d2bf4 elementor-icon-list--layout-inline elementor-align-center elementor-list-item-link-full_width elementor-widget elementor-widget-icon-list\" data-id=\"1a0d2bf4\" data-element_type=\"widget\" data-e-type=\"widget\" data-settings=\"{&quot;ekit_we_effect_on&quot;:&quot;none&quot;}\" data-widget_type=\"icon-list.default\">\n\t\t\t\t<div class=\"elementor-widget-container\">\n\t\t\t\t\t\t\t<ul class=\"elementor-icon-list-items elementor-inline-items\">\n\t\t\t\t\t\t\t<li class=\"elementor-icon-list-item elementor-inline-item\">\n\t\t\t\t\t\t\t\t\t\t\t<a href=\"\/\">\n\n\t\t\t\t\t\t\t\t\t\t\t<span class=\"elementor-icon-list-text\">Startseite<\/span>\n\t\t\t\t\t\t\t\t\t\t\t<\/a>\n\t\t\t\t\t\t\t\t\t<\/li>\n\t\t\t\t\t\t\t\t<li class=\"elementor-icon-list-item elementor-inline-item\">\n\t\t\t\t\t\t\t\t\t\t\t<span class=\"elementor-icon-list-icon\">\n\t\t\t\t\t\t\t<i aria-hidden=\"true\" class=\"fas fa-chevron-right\"><\/i>\t\t\t\t\t\t<\/span>\n\t\t\t\t\t\t\t\t\t\t<span class=\"elementor-icon-list-text\">Sicherheit<\/span>\n\t\t\t\t\t\t\t\t\t<\/li>\n\t\t\t\t\t\t<\/ul>\n\t\t\t\t\t\t<\/div>\n\t\t\t\t<\/div>\n\t\t\t\t\t<\/div>\n\t\t<\/div>\n\t\t\t\t\t<\/div>\n\t\t<\/section>\n\t\t\t\t<section class=\"elementor-section elementor-top-section elementor-element elementor-element-670055aa elementor-section-boxed elementor-section-height-default elementor-section-height-default\" data-id=\"670055aa\" data-element_type=\"section\" data-e-type=\"section\" data-settings=\"{&quot;ekit_has_onepagescroll_dot&quot;:&quot;yes&quot;}\">\n\t\t\t\t\t\t<div class=\"elementor-container elementor-column-gap-default\">\n\t\t\t\t\t<div class=\"elementor-column elementor-col-100 elementor-top-column elementor-element elementor-element-66e049be\" data-id=\"66e049be\" data-element_type=\"column\" data-e-type=\"column\">\n\t\t\t<div class=\"elementor-widget-wrap elementor-element-populated\">\n\t\t\t\t\t\t<div class=\"elementor-element elementor-element-788bf878 elementor-widget elementor-widget-heading\" data-id=\"788bf878\" data-element_type=\"widget\" data-e-type=\"widget\" data-settings=\"{&quot;ekit_we_effect_on&quot;:&quot;none&quot;}\" data-widget_type=\"heading.default\">\n\t\t\t\t<div class=\"elementor-widget-container\">\n\t\t\t\t\t<h5 class=\"elementor-heading-title elementor-size-default\">Informationssicherheit<\/h5>\t\t\t\t<\/div>\n\t\t\t\t<\/div>\n\t\t\t\t<div class=\"elementor-element elementor-element-8d96de4 elementor-widget elementor-widget-heading\" data-id=\"8d96de4\" data-element_type=\"widget\" data-e-type=\"widget\" data-settings=\"{&quot;ekit_we_effect_on&quot;:&quot;none&quot;}\" data-widget_type=\"heading.default\">\n\t\t\t\t<div class=\"elementor-widget-container\">\n\t\t\t\t\t<h2 class=\"elementor-heading-title elementor-size-default\">Grundlegende Informationssicherheitspolitik<\/h2>\t\t\t\t<\/div>\n\t\t\t\t<\/div>\n\t\t\t\t<div class=\"elementor-element elementor-element-37959190 elementor-widget-divider--view-line elementor-widget elementor-widget-divider\" data-id=\"37959190\" data-element_type=\"widget\" data-e-type=\"widget\" data-settings=\"{&quot;ekit_we_effect_on&quot;:&quot;none&quot;}\" data-widget_type=\"divider.default\">\n\t\t\t\t<div class=\"elementor-widget-container\">\n\t\t\t\t\t\t\t<div class=\"elementor-divider\">\n\t\t\t<span class=\"elementor-divider-separator\">\n\t\t\t\t\t\t<\/span>\n\t\t<\/div>\n\t\t\t\t\t\t<\/div>\n\t\t\t\t<\/div>\n\t\t\t\t<div class=\"elementor-element elementor-element-6b4603d2 elementor-widget elementor-widget-text-editor\" data-id=\"6b4603d2\" data-element_type=\"widget\" data-e-type=\"widget\" data-settings=\"{&quot;ekit_we_effect_on&quot;:&quot;none&quot;}\" data-widget_type=\"text-editor.default\">\n\t\t\t\t<div class=\"elementor-widget-container\">\n\t\t\t\t\t\t\t\t\t<p>Das Unternehmen hat auf die Bed\u00fcrfnisse seiner Kunden reagiert, indem es die Erstellung von Websites, die Produktion von Online-Shops, die Verwaltung von Websites, die Unterst\u00fctzung des Managements, das Seminargesch\u00e4ft und Dienstleistungen von Werbeagenturen anbietet. Um auch weiterhin Produkte und Dienstleistungen zur Zufriedenheit unserer Kunden anbieten zu k\u00f6nnen, werden wir die uns von unseren Kunden und unserem Unternehmen anvertrauten Informationen vor Bedrohungen wie Unf\u00e4llen, Katastrophen und Verbrechen sch\u00fctzen und dem Vertrauen unserer Kunden und der Gesellschaft gerecht werden, indem wir uns im gesamten Unternehmen f\u00fcr die Informationssicherheit einsetzen.<\/p>\n<p><strong>1. Verantwortung des Managements<\/strong><\/p>\n<p>Das Unternehmen ist bestrebt, die Informationssicherheit unter der Leitung der Gesch\u00e4ftsleitung systematisch und kontinuierlich zu verbessern und zu erh\u00f6hen.<\/p>\n<p><strong>2. Entwicklung der internen Systeme<\/strong><\/p>\n<p>Das Unternehmen hat eine Organisation zur Aufrechterhaltung und Verbesserung der Informationssicherheit eingerichtet und formale interne Regeln f\u00fcr Informationssicherheitsma\u00dfnahmen aufgestellt.<\/p>\n<p><strong>3. Initiativen der Arbeitnehmer<\/strong><\/p>\n<p>Unsere Mitarbeiter erwerben die f\u00fcr die Informationssicherheit erforderlichen Kenntnisse und F\u00e4higkeiten und gew\u00e4hrleisten unser Engagement f\u00fcr die Informationssicherheit.<\/p>\n<p><strong>4. die Einhaltung der gesetzlichen und vertraglichen Anforderungen<\/strong><\/p>\n<p>Wir halten Gesetze, Vorschriften, Normen und vertragliche Verpflichtungen in Bezug auf die Informationssicherheit ein und erf\u00fcllen die Erwartungen unserer Kunden.<\/p>\n<p><strong>5. Reaktion auf Verst\u00f6\u00dfe und Unf\u00e4lle.<\/strong><\/p>\n<p>Das Unternehmen ergreift im Falle von Verst\u00f6\u00dfen gegen Gesetze und Vorschriften, Vertragsverletzungen und Unf\u00e4llen im Zusammenhang mit der Informationssicherheit angemessene Ma\u00dfnahmen und bem\u00fcht sich, eine Wiederholung zu verhindern.<\/p>\n<p style=\"text-align: right;\">Datum des Inkrafttretens: 1. November 2021.<br \/>ACCA Communications LLC.<br \/>Repr\u00e4sentative Mitarbeiterin Miyuki Ito<\/p><\/p>\n\t\t\t\t\t\t\t\t<\/div>\n\t\t\t\t<\/div>\n\t\t\t\t\t<\/div>\n\t\t<\/div>\n\t\t\t\t\t<\/div>\n\t\t<\/section>\n\t\t\t\t<\/div>\n\t\t","protected":false},"excerpt":{"rendered":"<p>Informationssicherheit Startseite Sicherheit Informationssicherheit Grundlegende Informationssicherheitspolitik Das Unternehmen hat auf die Bed\u00fcrfnisse seiner Kunden reagiert, indem es die Erstellung von Websites, die Produktion von Online-Shops, die Verwaltung von Websites, die Unterst\u00fctzung des Managements, das Seminargesch\u00e4ft und Dienstleistungen von Werbeagenturen anbietet. Um auch weiterhin Produkte und Dienstleistungen zur Zufriedenheit unserer Kunden anbieten zu k\u00f6nnen, werden wir [&hellip;]<\/p>\n","protected":false},"author":1,"featured_media":0,"parent":0,"menu_order":8,"comment_status":"closed","ping_status":"closed","template":"elementor_header_footer","meta":{"sns_share_botton_hide":"","vkExUnit_sns_title":"","_vk_print_noindex":"","sitemap_hide":"","vkExUnit_sitemap":"","_veu_custom_css":"","veu_display_promotion_alert":"","_exclude_from_list_pages":"","vkexunit_cta_each_option":"","vkExUnit_childPageIndex":"","vkExUnit_pageList_ancestor":"","vkExUnit_contact_enable":"","footnotes":""},"class_list":["post-4935","page","type-page","status-publish","hentry"],"veu_head_title_object":{"title":"","add_site_title":""},"_links":{"self":[{"href":"https:\/\/accacom.jp\/de\/wp-json\/wp\/v2\/pages\/4935","targetHints":{"allow":["GET"]}}],"collection":[{"href":"https:\/\/accacom.jp\/de\/wp-json\/wp\/v2\/pages"}],"about":[{"href":"https:\/\/accacom.jp\/de\/wp-json\/wp\/v2\/types\/page"}],"author":[{"embeddable":true,"href":"https:\/\/accacom.jp\/de\/wp-json\/wp\/v2\/users\/1"}],"replies":[{"embeddable":true,"href":"https:\/\/accacom.jp\/de\/wp-json\/wp\/v2\/comments?post=4935"}],"version-history":[{"count":0,"href":"https:\/\/accacom.jp\/de\/wp-json\/wp\/v2\/pages\/4935\/revisions"}],"wp:attachment":[{"href":"https:\/\/accacom.jp\/de\/wp-json\/wp\/v2\/media?parent=4935"}],"curies":[{"name":"wp","href":"https:\/\/api.w.org\/{rel}","templated":true}]}}