{"id":4949,"date":"2014-12-01T19:13:57","date_gmt":"2014-12-01T10:13:57","guid":{"rendered":"https:\/\/accacom.jp\/datenschutzbestimmungen\/"},"modified":"2022-10-07T22:02:30","modified_gmt":"2022-10-07T13:02:30","slug":"datenschutzbestimmungen","status":"publish","type":"page","link":"https:\/\/accacom.jp\/de\/datenschutzbestimmungen\/","title":{"rendered":"Datenschutzbestimmungen."},"content":{"rendered":"\t\t<div data-elementor-type=\"wp-page\" data-elementor-id=\"4949\" class=\"elementor elementor-4949\" data-elementor-post-type=\"page\">\n\t\t\t\t\t\t<section class=\"elementor-section elementor-top-section elementor-element elementor-element-6a091255 elementor-section-boxed elementor-section-height-default elementor-section-height-default\" data-id=\"6a091255\" data-element_type=\"section\" data-e-type=\"section\" data-settings=\"{&quot;background_background&quot;:&quot;classic&quot;,&quot;ekit_has_onepagescroll_dot&quot;:&quot;yes&quot;}\">\n\t\t\t\t\t\t\t<div class=\"elementor-background-overlay\"><\/div>\n\t\t\t\t\t\t\t<div class=\"elementor-container elementor-column-gap-default\">\n\t\t\t\t\t<div class=\"elementor-column elementor-col-100 elementor-top-column elementor-element elementor-element-3a4e4b00\" data-id=\"3a4e4b00\" data-element_type=\"column\" data-e-type=\"column\">\n\t\t\t<div class=\"elementor-widget-wrap elementor-element-populated\">\n\t\t\t\t\t\t<div class=\"elementor-element elementor-element-7ad15ae2 elementor-widget elementor-widget-heading\" data-id=\"7ad15ae2\" data-element_type=\"widget\" data-e-type=\"widget\" data-settings=\"{&quot;ekit_we_effect_on&quot;:&quot;none&quot;}\" data-widget_type=\"heading.default\">\n\t\t\t\t<div class=\"elementor-widget-container\">\n\t\t\t\t\t<h2 class=\"elementor-heading-title elementor-size-default\">Datenschutzbestimmungen<\/h2>\t\t\t\t<\/div>\n\t\t\t\t<\/div>\n\t\t\t\t<div class=\"elementor-element elementor-element-7d2c8d79 elementor-icon-list--layout-inline elementor-align-center elementor-list-item-link-full_width elementor-widget elementor-widget-icon-list\" data-id=\"7d2c8d79\" data-element_type=\"widget\" data-e-type=\"widget\" data-settings=\"{&quot;ekit_we_effect_on&quot;:&quot;none&quot;}\" data-widget_type=\"icon-list.default\">\n\t\t\t\t<div class=\"elementor-widget-container\">\n\t\t\t\t\t\t\t<ul class=\"elementor-icon-list-items elementor-inline-items\">\n\t\t\t\t\t\t\t<li class=\"elementor-icon-list-item elementor-inline-item\">\n\t\t\t\t\t\t\t\t\t\t\t<a href=\"\/\">\n\n\t\t\t\t\t\t\t\t\t\t\t<span class=\"elementor-icon-list-text\">Startseite<\/span>\n\t\t\t\t\t\t\t\t\t\t\t<\/a>\n\t\t\t\t\t\t\t\t\t<\/li>\n\t\t\t\t\t\t\t\t<li class=\"elementor-icon-list-item elementor-inline-item\">\n\t\t\t\t\t\t\t\t\t\t\t<span class=\"elementor-icon-list-icon\">\n\t\t\t\t\t\t\t<i aria-hidden=\"true\" class=\"fas fa-chevron-right\"><\/i>\t\t\t\t\t\t<\/span>\n\t\t\t\t\t\t\t\t\t\t<span class=\"elementor-icon-list-text\">Datenschutzbestimmungen<\/span>\n\t\t\t\t\t\t\t\t\t<\/li>\n\t\t\t\t\t\t<\/ul>\n\t\t\t\t\t\t<\/div>\n\t\t\t\t<\/div>\n\t\t\t\t\t<\/div>\n\t\t<\/div>\n\t\t\t\t\t<\/div>\n\t\t<\/section>\n\t\t\t\t<section class=\"elementor-section elementor-top-section elementor-element elementor-element-274f8a5 elementor-section-boxed elementor-section-height-default elementor-section-height-default\" data-id=\"274f8a5\" data-element_type=\"section\" data-e-type=\"section\" data-settings=\"{&quot;ekit_has_onepagescroll_dot&quot;:&quot;yes&quot;}\">\n\t\t\t\t\t\t<div class=\"elementor-container elementor-column-gap-default\">\n\t\t\t\t\t<div class=\"elementor-column elementor-col-100 elementor-top-column elementor-element elementor-element-45582a2\" data-id=\"45582a2\" data-element_type=\"column\" data-e-type=\"column\">\n\t\t\t<div class=\"elementor-widget-wrap elementor-element-populated\">\n\t\t\t\t\t\t<div class=\"elementor-element elementor-element-233d8b6b elementor-widget elementor-widget-heading\" data-id=\"233d8b6b\" data-element_type=\"widget\" data-e-type=\"widget\" data-settings=\"{&quot;ekit_we_effect_on&quot;:&quot;none&quot;}\" data-widget_type=\"heading.default\">\n\t\t\t\t<div class=\"elementor-widget-container\">\n\t\t\t\t\t<h5 class=\"elementor-heading-title elementor-size-default\">Datenschutzbestimmungen<\/h5>\t\t\t\t<\/div>\n\t\t\t\t<\/div>\n\t\t\t\t<div class=\"elementor-element elementor-element-4f369b0d elementor-widget elementor-widget-heading\" data-id=\"4f369b0d\" data-element_type=\"widget\" data-e-type=\"widget\" data-settings=\"{&quot;ekit_we_effect_on&quot;:&quot;none&quot;}\" data-widget_type=\"heading.default\">\n\t\t\t\t<div class=\"elementor-widget-container\">\n\t\t\t\t\t<h2 class=\"elementor-heading-title elementor-size-default\">Datenschutzbestimmungen.<\/h2>\t\t\t\t<\/div>\n\t\t\t\t<\/div>\n\t\t\t\t<div class=\"elementor-element elementor-element-436c7aac elementor-widget-divider--view-line elementor-widget elementor-widget-divider\" data-id=\"436c7aac\" data-element_type=\"widget\" data-e-type=\"widget\" data-settings=\"{&quot;ekit_we_effect_on&quot;:&quot;none&quot;}\" data-widget_type=\"divider.default\">\n\t\t\t\t<div class=\"elementor-widget-container\">\n\t\t\t\t\t\t\t<div class=\"elementor-divider\">\n\t\t\t<span class=\"elementor-divider-separator\">\n\t\t\t\t\t\t<\/span>\n\t\t<\/div>\n\t\t\t\t\t\t<\/div>\n\t\t\t\t<\/div>\n\t\t\t\t<div class=\"elementor-element elementor-element-1dabbce7 elementor-widget elementor-widget-text-editor\" data-id=\"1dabbce7\" data-element_type=\"widget\" data-e-type=\"widget\" data-settings=\"{&quot;ekit_we_effect_on&quot;:&quot;none&quot;}\" data-widget_type=\"text-editor.default\">\n\t\t\t\t<div class=\"elementor-widget-container\">\n\t\t\t\t\t\t\t\t\tIn Anbetracht des Schutzes pers\u00f6nlicher Daten legt ACCA Communications LLC (im Folgenden als &#8222;das Unternehmen&#8220; bezeichnet) seine Datenschutzpolitik wie folgt fest.<br>Das Unternehmen erbringt die Dienstleistungen f\u00fcr den Kunden in gutem Glauben und mit der Sorgfalt eines guten Gesch\u00e4ftsf\u00fchrers.<br>Das Unternehmen kann Arbeiten im Zusammenhang mit der Erbringung der Dienstleistungen unter seiner Verantwortung an Dritte auslagern.<br>\n\nErh\u00e4lt das Unternehmen bei der Erbringung der Dienstleistungen vom Kunden IDs, Passw\u00f6rter, Daten, Materialien usw. (im Folgenden &#8222;\u00dcbermittlungen&#8220; genannt), so darf das Unternehmen diese \u00dcbermittlungen nicht \u00fcber den f\u00fcr die Erbringung der Dienstleistungen erforderlichen Umfang hinaus verwenden und muss sie mit der Sorgfalt eines ordentlichen Verwalters behandeln.\n\nWenn Sie unsere Dienste nutzen und unsere Website besuchen, zeichnen wir Informationen \u00fcber Ihre IP-Adresse und die von Ihrem Browser aufgerufenen Seiten als Serverprotokolle auf (Verlauf).<br>\n<h4>Verwendungszweck<\/h4>\nDar\u00fcber hinaus sammeln wir Informationen \u00fcber Sie f\u00fcr drei begrenzte Zwecke<br>\n<ul>\n \t<li>Um die Struktur und das Design der Seiten, die Sie betrachten, f\u00fcr Sie angenehmer zu gestalten.<\/li>\n \t<li>Um Ihnen zufriedenstellende Informationen \u00fcber unsere Produkte und Dienstleistungen zu liefern.<\/li>\n \t<li>Um Ihnen Informationen \u00fcber Sonderangebote und neue Dienstleistungen zukommen zu lassen.<\/li>\n<\/ul>\n<h4>Informationsaustausch und Offenlegung<\/h4>\nWir verkaufen oder vermieten Ihre pers\u00f6nlich identifizierbaren Informationen nicht an Dritte. Wir k\u00f6nnen Ihre personenbezogenen Daten in den folgenden F\u00e4llen an Dritte weitergeben<br>\n<ul>\n \t<li>Wenn zwischen Ihnen und uns die Zustimmung zum Informationsaustausch besteht.<\/li>\n \t<li>Wenn es notwendig ist, um die vom Kunden gew\u00fcnschten Dienstleistungen zu erbringen.<\/li>\n \t<li>Wenn es f\u00fcr unsere Vertreter notwendig ist, um Ihnen die von Ihnen angeforderten Dienstleistungen zu erbringen.<\/li>\n \t<li>(Wenn wir Ihre Zustimmung zur Verwendung Ihrer Daten nicht einholen, darf der Beauftragte Ihre Daten nicht f\u00fcr einen anderen als den vorgeschriebenen Zweck verwenden).<\/li>\n \t<li>Als Reaktion auf eine gerichtliche Anordnung oder ein gerichtliches Verfahren.<\/li>\n \t<li>Ihr Verhalten bei der Nutzung der von uns angebotenen Informationen und Dienste verst\u00f6\u00dft gegen unsere Nutzungsbedingungen.<\/li>\n<\/ul><br>\n<h4>Umgang mit personenbezogenen Daten und Schutzma\u00dfnahmen<\/h4>\nUm personenbezogene Daten streng zu sch\u00fctzen, f\u00fchren wir Sicherheitsma\u00dfnahmen bei der Speicherung und Verwaltung ein und sorgen f\u00fcr die Schulung und Sensibilisierung unserer Mitarbeiter. Das Unternehmen ernennt eine Person, die f\u00fcr die Verwaltung personenbezogener Daten verantwortlich ist, und stellt sicher, dass personenbezogene Daten ordnungsgem\u00e4\u00df behandelt werden. Wenn wir Arbeiten an einen externen Auftragnehmer auslagern, w\u00e4hlen wir einen Auftragnehmer aus, der in der Lage ist, Informationen angemessen zu sch\u00fctzen und die Verwaltung personenbezogener Daten im Outsourcing-Vertrag anzuweisen und sicherzustellen.<br>\n\n<h4>\u00c4nderungen der Datenschutzrichtlinie<\/h4>\nDer Inhalt dieser Richtlinie kann ohne Benachrichtigung des Nutzers ge\u00e4ndert werden, es sei denn, dies ist gesetzlich vorgeschrieben oder in dieser Richtlinie anders geregelt.\nSofern vom Unternehmen nicht anders angegeben, tritt die \u00fcberarbeitete Datenschutzrichtlinie zum Zeitpunkt der Ver\u00f6ffentlichung auf der Website in Kraft.<br>\n\n<h4>Kontaktstelle f\u00fcr Fragen, Bearbeitung von Beschwerden usw.<\/h4>\nBei Fragen oder Beschwerden \u00fcber den Umgang mit personenbezogenen Daten durch das Unternehmen wenden Sie sich bitte an<br><br>\n\nName des Unternehmens: ACCA Communications LLC<br>\nKontaktabteilung: Abteilung f\u00fcr Betriebswirtschaft<br>\nTelefonnummer: 050-3159-6003<br>\nE-Mail-Adresse: info@accacom.jp<br><br>\n\n<p style=\"text-align: right;\">1. Dezember 2014 Niederlassung.<\/p>\t\t\t\t\t\t\t\t<\/div>\n\t\t\t\t<\/div>\n\t\t\t\t\t<\/div>\n\t\t<\/div>\n\t\t\t\t\t<\/div>\n\t\t<\/section>\n\t\t\t\t<\/div>\n\t\t","protected":false},"excerpt":{"rendered":"<p>Datenschutzbestimmungen Startseite Datenschutzbestimmungen Datenschutzbestimmungen Datenschutzbestimmungen. In Anbetracht des Schutzes pers\u00f6nlicher Daten legt ACCA Communications LLC (im Folgenden als &#8222;das Unternehmen&#8220; bezeichnet) seine Datenschutzpolitik wie folgt fest.Das Unternehmen erbringt die Dienstleistungen f\u00fcr den Kunden in gutem Glauben und mit der Sorgfalt eines guten Gesch\u00e4ftsf\u00fchrers.Das Unternehmen kann Arbeiten im Zusammenhang mit der Erbringung der Dienstleistungen unter seiner [&hellip;]<\/p>\n","protected":false},"author":1,"featured_media":3858,"parent":0,"menu_order":0,"comment_status":"closed","ping_status":"closed","template":"elementor_header_footer","meta":{"vkexunit_cta_each_option":"","footnotes":""},"class_list":["post-4949","page","type-page","status-publish","has-post-thumbnail","hentry"],"_links":{"self":[{"href":"https:\/\/accacom.jp\/de\/wp-json\/wp\/v2\/pages\/4949","targetHints":{"allow":["GET"]}}],"collection":[{"href":"https:\/\/accacom.jp\/de\/wp-json\/wp\/v2\/pages"}],"about":[{"href":"https:\/\/accacom.jp\/de\/wp-json\/wp\/v2\/types\/page"}],"author":[{"embeddable":true,"href":"https:\/\/accacom.jp\/de\/wp-json\/wp\/v2\/users\/1"}],"replies":[{"embeddable":true,"href":"https:\/\/accacom.jp\/de\/wp-json\/wp\/v2\/comments?post=4949"}],"version-history":[{"count":0,"href":"https:\/\/accacom.jp\/de\/wp-json\/wp\/v2\/pages\/4949\/revisions"}],"wp:featuredmedia":[{"embeddable":true,"href":"https:\/\/accacom.jp\/de\/wp-json\/wp\/v2\/media\/3858"}],"wp:attachment":[{"href":"https:\/\/accacom.jp\/de\/wp-json\/wp\/v2\/media?parent=4949"}],"curies":[{"name":"wp","href":"https:\/\/api.w.org\/{rel}","templated":true}]}}