{"id":4895,"date":"2011-05-26T09:45:48","date_gmt":"2011-05-26T00:45:48","guid":{"rendered":"https:\/\/accacom.jp\/perfil-de-la-empresa\/"},"modified":"2022-10-11T21:49:11","modified_gmt":"2022-10-11T12:49:11","slug":"perfil-de-la-empresa","status":"publish","type":"page","link":"https:\/\/accacom.jp\/es\/perfil-de-la-empresa\/","title":{"rendered":"Perfil de la empresa"},"content":{"rendered":"\t\t<div data-elementor-type=\"wp-page\" data-elementor-id=\"4895\" class=\"elementor elementor-4895\" data-elementor-post-type=\"page\">\n\t\t\t\t\t\t<section class=\"elementor-section elementor-top-section elementor-element elementor-element-597b9591 elementor-section-boxed elementor-section-height-default elementor-section-height-default\" data-id=\"597b9591\" data-element_type=\"section\" data-e-type=\"section\" data-settings=\"{&quot;ekit_has_onepagescroll_dot&quot;:&quot;yes&quot;}\">\n\t\t\t\t\t\t<div class=\"elementor-container elementor-column-gap-default\">\n\t\t\t\t\t<div class=\"elementor-column elementor-col-100 elementor-top-column elementor-element elementor-element-bf58798\" data-id=\"bf58798\" data-element_type=\"column\" data-e-type=\"column\">\n\t\t\t<div class=\"elementor-widget-wrap\">\n\t\t\t\t\t\t\t<\/div>\n\t\t<\/div>\n\t\t\t\t\t<\/div>\n\t\t<\/section>\n\t\t\t\t<section class=\"elementor-section elementor-top-section elementor-element elementor-element-3729ea8c elementor-section-boxed elementor-section-height-default elementor-section-height-default\" data-id=\"3729ea8c\" data-element_type=\"section\" data-e-type=\"section\" data-settings=\"{&quot;background_background&quot;:&quot;classic&quot;,&quot;ekit_has_onepagescroll_dot&quot;:&quot;yes&quot;}\">\n\t\t\t\t\t\t\t<div class=\"elementor-background-overlay\"><\/div>\n\t\t\t\t\t\t\t<div class=\"elementor-container elementor-column-gap-default\">\n\t\t\t\t\t<div class=\"elementor-column elementor-col-100 elementor-top-column elementor-element elementor-element-5acf0e4a\" data-id=\"5acf0e4a\" data-element_type=\"column\" data-e-type=\"column\">\n\t\t\t<div class=\"elementor-widget-wrap elementor-element-populated\">\n\t\t\t\t\t\t<div class=\"elementor-element elementor-element-d367b7a elementor-widget elementor-widget-heading\" data-id=\"d367b7a\" data-element_type=\"widget\" data-e-type=\"widget\" data-settings=\"{&quot;ekit_we_effect_on&quot;:&quot;none&quot;}\" data-widget_type=\"heading.default\">\n\t\t\t\t<div class=\"elementor-widget-container\">\n\t\t\t\t\t<p class=\"elementor-heading-title elementor-size-default\">Sobre nosotros<\/p>\t\t\t\t<\/div>\n\t\t\t\t<\/div>\n\t\t\t\t<div class=\"elementor-element elementor-element-50134fa6 elementor-icon-list--layout-inline elementor-align-center elementor-list-item-link-full_width elementor-widget elementor-widget-icon-list\" data-id=\"50134fa6\" data-element_type=\"widget\" data-e-type=\"widget\" data-settings=\"{&quot;ekit_we_effect_on&quot;:&quot;none&quot;}\" data-widget_type=\"icon-list.default\">\n\t\t\t\t<div class=\"elementor-widget-container\">\n\t\t\t\t\t\t\t<ul class=\"elementor-icon-list-items elementor-inline-items\">\n\t\t\t\t\t\t\t<li class=\"elementor-icon-list-item elementor-inline-item\">\n\t\t\t\t\t\t\t\t\t\t\t<a href=\"\/\">\n\n\t\t\t\t\t\t\t\t\t\t\t<span class=\"elementor-icon-list-text\">Inicio<\/span>\n\t\t\t\t\t\t\t\t\t\t\t<\/a>\n\t\t\t\t\t\t\t\t\t<\/li>\n\t\t\t\t\t\t\t\t<li class=\"elementor-icon-list-item elementor-inline-item\">\n\t\t\t\t\t\t\t\t\t\t\t<span class=\"elementor-icon-list-icon\">\n\t\t\t\t\t\t\t<i aria-hidden=\"true\" class=\"fas fa-chevron-right\"><\/i>\t\t\t\t\t\t<\/span>\n\t\t\t\t\t\t\t\t\t\t<span class=\"elementor-icon-list-text\">Sobre nosotros<\/span>\n\t\t\t\t\t\t\t\t\t<\/li>\n\t\t\t\t\t\t<\/ul>\n\t\t\t\t\t\t<\/div>\n\t\t\t\t<\/div>\n\t\t\t\t\t<\/div>\n\t\t<\/div>\n\t\t\t\t\t<\/div>\n\t\t<\/section>\n\t\t\t\t<section class=\"elementor-section elementor-top-section elementor-element elementor-element-35baa326 elementor-section-content-middle elementor-section-boxed elementor-section-height-default elementor-section-height-default\" data-id=\"35baa326\" data-element_type=\"section\" data-e-type=\"section\" data-settings=\"{&quot;ekit_has_onepagescroll_dot&quot;:&quot;yes&quot;}\">\n\t\t\t\t\t\t<div class=\"elementor-container elementor-column-gap-default\">\n\t\t\t\t\t<div class=\"elementor-column elementor-col-50 elementor-top-column elementor-element elementor-element-5fb0f64f\" data-id=\"5fb0f64f\" data-element_type=\"column\" data-e-type=\"column\">\n\t\t\t<div class=\"elementor-widget-wrap elementor-element-populated\">\n\t\t\t\t\t\t<div class=\"elementor-element elementor-element-176dec67 elementor-widget elementor-widget-image\" data-id=\"176dec67\" data-element_type=\"widget\" data-e-type=\"widget\" data-settings=\"{&quot;ekit_we_effect_on&quot;:&quot;none&quot;}\" data-widget_type=\"image.default\">\n\t\t\t\t<div class=\"elementor-widget-container\">\n\t\t\t\t\t\t\t\t\t\t\t\t\t\t\t<img fetchpriority=\"high\" decoding=\"async\" width=\"2000\" height=\"1335\" src=\"https:\/\/accacom.jp\/wp-content\/uploads\/2022\/04\/workplace-at-the-office.jpg\" class=\"attachment-full size-full wp-image-3097\" alt=\"\" srcset=\"https:\/\/accacom.jp\/wp-content\/uploads\/2022\/04\/workplace-at-the-office.jpg 2000w, https:\/\/accacom.jp\/wp-content\/uploads\/2022\/04\/workplace-at-the-office-300x200.jpg 300w, https:\/\/accacom.jp\/wp-content\/uploads\/2022\/04\/workplace-at-the-office-1024x684.jpg 1024w, https:\/\/accacom.jp\/wp-content\/uploads\/2022\/04\/workplace-at-the-office-768x513.jpg 768w, https:\/\/accacom.jp\/wp-content\/uploads\/2022\/04\/workplace-at-the-office-1536x1025.jpg 1536w\" sizes=\"(max-width: 2000px) 100vw, 2000px\" \/>\t\t\t\t\t\t\t\t\t\t\t\t\t\t\t<\/div>\n\t\t\t\t<\/div>\n\t\t\t\t<section class=\"elementor-section elementor-inner-section elementor-element elementor-element-7aeb452b animated-slow elementor-section-boxed elementor-section-height-default elementor-section-height-default elementor-invisible\" data-id=\"7aeb452b\" data-element_type=\"section\" data-e-type=\"section\" data-settings=\"{&quot;animation&quot;:&quot;fadeInUp&quot;,&quot;ekit_has_onepagescroll_dot&quot;:&quot;yes&quot;}\">\n\t\t\t\t\t\t<div class=\"elementor-container elementor-column-gap-no\">\n\t\t\t\t\t<div class=\"elementor-column elementor-col-50 elementor-inner-column elementor-element elementor-element-d65b8ef\" data-id=\"d65b8ef\" data-element_type=\"column\" data-e-type=\"column\">\n\t\t\t<div class=\"elementor-widget-wrap elementor-element-populated\">\n\t\t\t\t\t\t<div class=\"elementor-element elementor-element-5c16a571 elementor-widget__width-auto elementor-absolute elementor-hidden-phone elementor-view-default elementor-widget elementor-widget-icon\" data-id=\"5c16a571\" data-element_type=\"widget\" data-e-type=\"widget\" data-settings=\"{&quot;_position&quot;:&quot;absolute&quot;,&quot;ekit_we_effect_on&quot;:&quot;none&quot;}\" data-widget_type=\"icon.default\">\n\t\t\t\t<div class=\"elementor-widget-container\">\n\t\t\t\t\t\t\t<div class=\"elementor-icon-wrapper\">\n\t\t\t<div class=\"elementor-icon\">\n\t\t\t<i aria-hidden=\"true\" class=\"icon icon-quote\"><\/i>\t\t\t<\/div>\n\t\t<\/div>\n\t\t\t\t\t\t<\/div>\n\t\t\t\t<\/div>\n\t\t\t\t<div class=\"elementor-element elementor-element-445965bb elementor-widget__width-auto elementor-absolute elementor-hidden-phone elementor-widget elementor-widget-spacer\" data-id=\"445965bb\" data-element_type=\"widget\" data-e-type=\"widget\" data-settings=\"{&quot;_position&quot;:&quot;absolute&quot;,&quot;ekit_we_effect_on&quot;:&quot;none&quot;}\" data-widget_type=\"spacer.default\">\n\t\t\t\t<div class=\"elementor-widget-container\">\n\t\t\t\t\t\t\t<div class=\"elementor-spacer\">\n\t\t\t<div class=\"elementor-spacer-inner\"><\/div>\n\t\t<\/div>\n\t\t\t\t\t\t<\/div>\n\t\t\t\t<\/div>\n\t\t\t\t\t<\/div>\n\t\t<\/div>\n\t\t\t\t<div class=\"elementor-column elementor-col-50 elementor-inner-column elementor-element elementor-element-75c9b357\" data-id=\"75c9b357\" data-element_type=\"column\" data-e-type=\"column\" data-settings=\"{&quot;background_background&quot;:&quot;classic&quot;}\">\n\t\t\t<div class=\"elementor-widget-wrap elementor-element-populated\">\n\t\t\t\t\t\t<div class=\"elementor-element elementor-element-49878f71 elementor-widget elementor-widget-text-editor\" data-id=\"49878f71\" data-element_type=\"widget\" data-e-type=\"widget\" data-settings=\"{&quot;ekit_we_effect_on&quot;:&quot;none&quot;}\" data-widget_type=\"text-editor.default\">\n\t\t\t\t<div class=\"elementor-widget-container\">\n\t\t\t\t\t\t\t\t\t<p>El nombre de la empresa ACCA se debe al \u00abCapit\u00e1n Akka\u00bb del misterioso viaje de Nils.<\/p>\n\t\t\t\t\t\t\t\t<\/div>\n\t\t\t\t<\/div>\n\t\t\t\t\t<\/div>\n\t\t<\/div>\n\t\t\t\t\t<\/div>\n\t\t<\/section>\n\t\t\t\t<section class=\"elementor-section elementor-inner-section elementor-element elementor-element-2c239843 elementor-section-boxed elementor-section-height-default elementor-section-height-default\" data-id=\"2c239843\" data-element_type=\"section\" data-e-type=\"section\" data-settings=\"{&quot;ekit_has_onepagescroll_dot&quot;:&quot;yes&quot;}\">\n\t\t\t\t\t\t<div class=\"elementor-container elementor-column-gap-default\">\n\t\t\t\t\t<div class=\"elementor-column elementor-col-50 elementor-inner-column elementor-element elementor-element-1fd46ce4\" data-id=\"1fd46ce4\" data-element_type=\"column\" data-e-type=\"column\">\n\t\t\t<div class=\"elementor-widget-wrap elementor-element-populated\">\n\t\t\t\t\t\t<div class=\"elementor-element elementor-element-800476a elementor-widget elementor-widget-image\" data-id=\"800476a\" data-element_type=\"widget\" data-e-type=\"widget\" data-settings=\"{&quot;ekit_we_effect_on&quot;:&quot;none&quot;}\" data-widget_type=\"image.default\">\n\t\t\t\t<div class=\"elementor-widget-container\">\n\t\t\t\t\t\t\t\t\t\t\t\t\t\t\t<img decoding=\"async\" src=\"https:\/\/accacom.jp\/wp-content\/uploads\/elementor\/thumbs\/IMG_4606-qen6mk4m2kfwjqwjitfaiw5125ujhp4xh82x0kot6g.jpg\" title=\"IMG_4606\" alt=\"IMG_4606\" loading=\"lazy\" \/>\t\t\t\t\t\t\t\t\t\t\t\t\t\t\t<\/div>\n\t\t\t\t<\/div>\n\t\t\t\t\t<\/div>\n\t\t<\/div>\n\t\t\t\t<div class=\"elementor-column elementor-col-50 elementor-inner-column elementor-element elementor-element-48ce515d\" data-id=\"48ce515d\" data-element_type=\"column\" data-e-type=\"column\">\n\t\t\t<div class=\"elementor-widget-wrap elementor-element-populated\">\n\t\t\t\t\t\t<div class=\"elementor-element elementor-element-7dea8423 elementor-widget elementor-widget-heading\" data-id=\"7dea8423\" data-element_type=\"widget\" data-e-type=\"widget\" data-settings=\"{&quot;ekit_we_effect_on&quot;:&quot;none&quot;}\" data-widget_type=\"heading.default\">\n\t\t\t\t<div class=\"elementor-widget-container\">\n\t\t\t\t\t<h5 class=\"elementor-heading-title elementor-size-default\">Miyuki Ito  <\/h5>\t\t\t\t<\/div>\n\t\t\t\t<\/div>\n\t\t\t\t<div class=\"elementor-element elementor-element-6b4830b3 elementor-widget elementor-widget-text-editor\" data-id=\"6b4830b3\" data-element_type=\"widget\" data-e-type=\"widget\" data-settings=\"{&quot;ekit_we_effect_on&quot;:&quot;none&quot;}\" data-widget_type=\"text-editor.default\">\n\t\t\t\t<div class=\"elementor-widget-container\">\n\t\t\t\t\t\t\t\t\tType AB, nacido en la prefectura de Mie, comenz\u00f3 de forma autodidacta a dise\u00f1ar p\u00e1ginas web en el a\u00f1o 2000.\nDirigi\u00f3 un negocio de suministros para mascotas por Internet en 2002 y se traslad\u00f3 a Tokio hace unos 15 a\u00f1os.\nEst\u00e1 especializada en SEO y empez\u00f3 un curso de WordPress en 2012 para ayudar a la gente a atraer clientes por su cuenta.\nDirige los \u00abseminarios WordPress de Hachan\u00bb con el personaje de un gato de refugio, Hachiware.\nAhora tengo un sapo que proteg\u00ed en Shinjuku.\t\t\t\t\t\t\t\t<\/div>\n\t\t\t\t<\/div>\n\t\t\t\t\t<\/div>\n\t\t<\/div>\n\t\t\t\t\t<\/div>\n\t\t<\/section>\n\t\t\t\t\t<\/div>\n\t\t<\/div>\n\t\t\t\t<div class=\"elementor-column elementor-col-50 elementor-top-column elementor-element elementor-element-294819f8\" data-id=\"294819f8\" data-element_type=\"column\" data-e-type=\"column\">\n\t\t\t<div class=\"elementor-widget-wrap elementor-element-populated\">\n\t\t\t\t\t\t<div class=\"elementor-element elementor-element-3d116ea6 elementor-widget elementor-widget-heading\" data-id=\"3d116ea6\" data-element_type=\"widget\" data-e-type=\"widget\" data-settings=\"{&quot;ekit_we_effect_on&quot;:&quot;none&quot;}\" data-widget_type=\"heading.default\">\n\t\t\t\t<div class=\"elementor-widget-container\">\n\t\t\t\t\t<h5 class=\"elementor-heading-title elementor-size-default\">Sobre nosotros<\/h5>\t\t\t\t<\/div>\n\t\t\t\t<\/div>\n\t\t\t\t<div class=\"elementor-element elementor-element-52bed2ad elementor-widget elementor-widget-heading\" data-id=\"52bed2ad\" data-element_type=\"widget\" data-e-type=\"widget\" data-settings=\"{&quot;ekit_we_effect_on&quot;:&quot;none&quot;}\" data-widget_type=\"heading.default\">\n\t\t\t\t<div class=\"elementor-widget-container\">\n\t\t\t\t\t<h1 class=\"elementor-heading-title elementor-size-default\">Perfil de la empresa<\/h1>\t\t\t\t<\/div>\n\t\t\t\t<\/div>\n\t\t\t\t<div class=\"elementor-element elementor-element-56bc6f27 elementor-widget elementor-widget-text-editor\" data-id=\"56bc6f27\" data-element_type=\"widget\" data-e-type=\"widget\" data-settings=\"{&quot;ekit_we_effect_on&quot;:&quot;none&quot;}\" data-widget_type=\"text-editor.default\">\n\t\t\t\t<div class=\"elementor-widget-container\">\n\t\t\t\t\t\t\t\t\t<table class=\"wp-block-table table-striped table-bordered\">\n<tbody>\n<tr>\n<td>Nombre de la empresa<\/td>\n<td>ACCA Communications LLC.<\/td>\n<\/tr>\n<tr>\n<td>Nombre de la empresa en ingl\u00e9s<\/td>\n<td>Acca Communications, LLC<\/td>\n<\/tr>\n<tr>\n<td>representante<\/td>\n<td>Miyuki Ito<\/td>\n<\/tr>\n<tr>\n<td>Establecimiento<\/td>\n<td>7 de julio de 2011.<\/td>\n<\/tr>\n<tr>\n<td>Ubicaci\u00f3n.<\/td>\n<td>2-22-14, Minami Aoyama, Minato-ku, Tokio 107-0062, Jap\u00f3n<\/td>\n<\/tr>\n<tr>\n<td>TEL<\/td>\n<td>Representante] 050-3159-6003 (10:00-18:00)\nSe reproducir\u00e1 la gu\u00eda de voz (l\u00ednea directa a cargo).<\/td>\n<\/tr>\n<tr>\n<td>Bancos corresponsales<\/td>\n<td>Bank of Tokyo-Mitsubishi UFJ (sucursal de Nakamura-Koen-mae)\nPayPay Bank (sucursal de Suzume)* antes Japan Net Bank<\/td>\n<\/tr>\n<tr>\n<td>Actividades comerciales<\/td>\n<td>\n<ul>\n \t<li>Agencia de desarrollo y gesti\u00f3n de sitios web<\/li>\n \t<li>Seminarios y formaci\u00f3n empresarial<\/li>\n \t<li>Agencia de medios y publicidad en Internet<\/li>\n \t<li>Sitios web multiling\u00fces y CE transfronteriza<\/li>\n \t<li>Producci\u00f3n, apoyo y asesoramiento de la tienda online<\/li>\n \t<li>Venta de productos originales<\/li>\n \t<li>Contenidos digitales, suministro de contenidos y ventas<\/li>\n<\/ul>\n<\/td>\n<\/tr>\n<tr>\n<td>pertenecen a<\/td>\n<td>\n<ul>\n \t<li><a href=\"http:\/\/www.kfc-fashion.jp\/semi\/gyoushu\/onlineshop\" target=\"_blank\" rel=\"noopener\">Grupo de estudio de la tienda online de KFC\u00bb,<\/a> profesor principal.<\/li>\n \t<li><a href=\"http:\/\/www.dreamgate.gr.jp\/consul\/pro\/uzurys\" target=\"_blank\" rel=\"noopener\">Dream Gate Advisor<\/a>, un portal para emprendedores.<\/li>\n \t<li>Miembro del <a href=\"https:\/\/hermit.directory\/dg-xtech\/\" target=\"_blank\" rel=\"noopener\">\u00abSubcomit\u00e9 X-Tech de la Direcci\u00f3n General Asesora\u00bb<\/a>.<\/li>\n<\/ul>\n<\/td>\n<\/tr>\n<tr>\n<td>Registro<\/td>\n<td>\n<ul>\n \t<li><a href=\"https:\/\/www.8seminar.com\/Shopify\" target=\"_blank\" rel=\"noopener\">Socios de<\/a> Shopify.<\/li>\n \t<li><span style=\"font-weight: 400;\">Socio certificado de la agencia Colour Me Shop<\/span><\/li>\n \t<li>Socio comercial del servidor X<\/li>\n<\/ul>\n<\/td>\n<\/tr>\n<\/tbody>\n<\/table>\t\t\t\t\t\t\t\t<\/div>\n\t\t\t\t<\/div>\n\t\t\t\t\t<\/div>\n\t\t<\/div>\n\t\t\t\t\t<\/div>\n\t\t<\/section>\n\t\t\t\t<section class=\"elementor-section elementor-top-section elementor-element elementor-element-709e75c6 elementor-section-boxed elementor-section-height-default elementor-section-height-default\" data-id=\"709e75c6\" data-element_type=\"section\" data-e-type=\"section\" data-settings=\"{&quot;background_background&quot;:&quot;classic&quot;,&quot;ekit_has_onepagescroll_dot&quot;:&quot;yes&quot;}\">\n\t\t\t\t\t\t\t<div class=\"elementor-background-overlay\"><\/div>\n\t\t\t\t\t\t\t<div class=\"elementor-container elementor-column-gap-default\">\n\t\t\t\t\t<div class=\"elementor-column elementor-col-100 elementor-top-column elementor-element elementor-element-36c10ea\" data-id=\"36c10ea\" data-element_type=\"column\" data-e-type=\"column\">\n\t\t\t<div class=\"elementor-widget-wrap elementor-element-populated\">\n\t\t\t\t\t\t<div class=\"elementor-element elementor-element-2732fa74 animated-slow elementor-invisible elementor-widget elementor-widget-heading\" data-id=\"2732fa74\" data-element_type=\"widget\" data-e-type=\"widget\" data-settings=\"{&quot;_animation&quot;:&quot;fadeInUp&quot;,&quot;ekit_we_effect_on&quot;:&quot;none&quot;}\" data-widget_type=\"heading.default\">\n\t\t\t\t<div class=\"elementor-widget-container\">\n\t\t\t\t\t<p class=\"elementor-heading-title elementor-size-default\">\u3000consulta<\/p>\t\t\t\t<\/div>\n\t\t\t\t<\/div>\n\t\t\t\t<div class=\"elementor-element elementor-element-34111c5d elementor-widget elementor-widget-text-editor\" data-id=\"34111c5d\" data-element_type=\"widget\" data-e-type=\"widget\" data-settings=\"{&quot;ekit_we_effect_on&quot;:&quot;none&quot;}\" data-widget_type=\"text-editor.default\">\n\t\t\t\t<div class=\"elementor-widget-container\">\n\t\t\t\t\t\t\t\t\t<p>No dude en ponerse en contacto con nosotros para solicitar diversos servicios, producci\u00f3n, funcionamiento, asesoramiento y seminarios.<\/p>\n\t\t\t\t\t\t\t\t<\/div>\n\t\t\t\t<\/div>\n\t\t\t\t<div class=\"elementor-element elementor-element-30061ab1 elementor-align-center elementor-invisible elementor-widget elementor-widget-button\" data-id=\"30061ab1\" data-element_type=\"widget\" data-e-type=\"widget\" data-settings=\"{&quot;_animation&quot;:&quot;fadeIn&quot;,&quot;ekit_we_effect_on&quot;:&quot;none&quot;}\" data-widget_type=\"button.default\">\n\t\t\t\t<div class=\"elementor-widget-container\">\n\t\t\t\t\t\t\t\t\t<div class=\"elementor-button-wrapper\">\n\t\t\t\t\t<a class=\"elementor-button elementor-button-link elementor-size-sm elementor-animation-float\" href=\"https:\/\/accacom.jp\/es\/consulta\/\" target=\"_blank\">\n\t\t\t\t\t\t<span class=\"elementor-button-content-wrapper\">\n\t\t\t\t\t\t<span class=\"elementor-button-icon\">\n\t\t\t\t<i aria-hidden=\"true\" class=\"fas fa-chevron-circle-right\"><\/i>\t\t\t<\/span>\n\t\t\t\t\t\t\t\t\t<span class=\"elementor-button-text\">Para m\u00e1s informaci\u00f3n.  <\/span>\n\t\t\t\t\t<\/span>\n\t\t\t\t\t<\/a>\n\t\t\t\t<\/div>\n\t\t\t\t\t\t\t\t<\/div>\n\t\t\t\t<\/div>\n\t\t\t\t\t<\/div>\n\t\t<\/div>\n\t\t\t\t\t<\/div>\n\t\t<\/section>\n\t\t\t\t<\/div>\n\t\t","protected":false},"excerpt":{"rendered":"<p>Sobre nosotros Inicio Sobre nosotros El nombre de la empresa ACCA se debe al \u00abCapit\u00e1n Akka\u00bb del misterioso viaje de Nils. Miyuki Ito Type AB, nacido en la prefectura de Mie, comenz\u00f3 de forma autodidacta a dise\u00f1ar p\u00e1ginas web en el a\u00f1o 2000. Dirigi\u00f3 un negocio de suministros para mascotas por Internet en 2002 y [&hellip;]<\/p>\n","protected":false},"author":1,"featured_media":3831,"parent":0,"menu_order":10,"comment_status":"closed","ping_status":"closed","template":"elementor_header_footer","meta":{"sns_share_botton_hide":"","vkExUnit_sns_title":"","_vk_print_noindex":"","sitemap_hide":"","vkExUnit_sitemap":"","_veu_custom_css":"","veu_display_promotion_alert":"","_exclude_from_list_pages":"","vkexunit_cta_each_option":"","vkExUnit_childPageIndex":"","vkExUnit_pageList_ancestor":"","vkExUnit_contact_enable":"","footnotes":""},"class_list":["post-4895","page","type-page","status-publish","has-post-thumbnail","hentry"],"veu_head_title_object":{"title":"","add_site_title":""},"_links":{"self":[{"href":"https:\/\/accacom.jp\/es\/wp-json\/wp\/v2\/pages\/4895","targetHints":{"allow":["GET"]}}],"collection":[{"href":"https:\/\/accacom.jp\/es\/wp-json\/wp\/v2\/pages"}],"about":[{"href":"https:\/\/accacom.jp\/es\/wp-json\/wp\/v2\/types\/page"}],"author":[{"embeddable":true,"href":"https:\/\/accacom.jp\/es\/wp-json\/wp\/v2\/users\/1"}],"replies":[{"embeddable":true,"href":"https:\/\/accacom.jp\/es\/wp-json\/wp\/v2\/comments?post=4895"}],"version-history":[{"count":0,"href":"https:\/\/accacom.jp\/es\/wp-json\/wp\/v2\/pages\/4895\/revisions"}],"wp:featuredmedia":[{"embeddable":true,"href":"https:\/\/accacom.jp\/es\/wp-json\/wp\/v2\/media\/3831"}],"wp:attachment":[{"href":"https:\/\/accacom.jp\/es\/wp-json\/wp\/v2\/media?parent=4895"}],"curies":[{"name":"wp","href":"https:\/\/api.w.org\/{rel}","templated":true}]}}