{"id":4931,"date":"2021-11-05T11:13:23","date_gmt":"2021-11-05T02:13:23","guid":{"rendered":"https:\/\/accacom.jp\/derechos-de-autor-exencion-de-responsabilidad\/"},"modified":"2022-10-07T21:57:02","modified_gmt":"2022-10-07T12:57:02","slug":"derechos-de-autor-exencion-de-responsabilidad","status":"publish","type":"page","link":"https:\/\/accacom.jp\/es\/derechos-de-autor-exencion-de-responsabilidad\/","title":{"rendered":"Derechos de autor\/exenci\u00f3n de responsabilidad."},"content":{"rendered":"\t\t<div data-elementor-type=\"wp-page\" data-elementor-id=\"4931\" class=\"elementor elementor-4931\" data-elementor-post-type=\"page\">\n\t\t\t\t\t\t<section class=\"elementor-section elementor-top-section elementor-element elementor-element-37a9f3f elementor-section-boxed elementor-section-height-default elementor-section-height-default\" data-id=\"37a9f3f\" data-element_type=\"section\" data-e-type=\"section\" data-settings=\"{&quot;background_background&quot;:&quot;classic&quot;,&quot;ekit_has_onepagescroll_dot&quot;:&quot;yes&quot;}\">\n\t\t\t\t\t\t\t<div class=\"elementor-background-overlay\"><\/div>\n\t\t\t\t\t\t\t<div class=\"elementor-container elementor-column-gap-default\">\n\t\t\t\t\t<div class=\"elementor-column elementor-col-100 elementor-top-column elementor-element elementor-element-d4365ce\" data-id=\"d4365ce\" data-element_type=\"column\" data-e-type=\"column\">\n\t\t\t<div class=\"elementor-widget-wrap elementor-element-populated\">\n\t\t\t\t\t\t<div class=\"elementor-element elementor-element-31ed5fa elementor-widget elementor-widget-heading\" data-id=\"31ed5fa\" data-element_type=\"widget\" data-e-type=\"widget\" data-settings=\"{&quot;ekit_we_effect_on&quot;:&quot;none&quot;}\" data-widget_type=\"heading.default\">\n\t\t\t\t<div class=\"elementor-widget-container\">\n\t\t\t\t\t<h2 class=\"elementor-heading-title elementor-size-default\">Derechos de autor \/ Descargo de responsabilidad<\/h2>\t\t\t\t<\/div>\n\t\t\t\t<\/div>\n\t\t\t\t<div class=\"elementor-element elementor-element-76fbff2 elementor-icon-list--layout-inline elementor-align-center elementor-list-item-link-full_width elementor-widget elementor-widget-icon-list\" data-id=\"76fbff2\" data-element_type=\"widget\" data-e-type=\"widget\" data-settings=\"{&quot;ekit_we_effect_on&quot;:&quot;none&quot;}\" data-widget_type=\"icon-list.default\">\n\t\t\t\t<div class=\"elementor-widget-container\">\n\t\t\t\t\t\t\t<ul class=\"elementor-icon-list-items elementor-inline-items\">\n\t\t\t\t\t\t\t<li class=\"elementor-icon-list-item elementor-inline-item\">\n\t\t\t\t\t\t\t\t\t\t\t<a href=\"\/\">\n\n\t\t\t\t\t\t\t\t\t\t\t<span class=\"elementor-icon-list-text\">Inicio<\/span>\n\t\t\t\t\t\t\t\t\t\t\t<\/a>\n\t\t\t\t\t\t\t\t\t<\/li>\n\t\t\t\t\t\t\t\t<li class=\"elementor-icon-list-item elementor-inline-item\">\n\t\t\t\t\t\t\t\t\t\t\t<span class=\"elementor-icon-list-icon\">\n\t\t\t\t\t\t\t<i aria-hidden=\"true\" class=\"fas fa-chevron-right\"><\/i>\t\t\t\t\t\t<\/span>\n\t\t\t\t\t\t\t\t\t\t<span class=\"elementor-icon-list-text\">Derechos de autor.<\/span>\n\t\t\t\t\t\t\t\t\t<\/li>\n\t\t\t\t\t\t<\/ul>\n\t\t\t\t\t\t<\/div>\n\t\t\t\t<\/div>\n\t\t\t\t\t<\/div>\n\t\t<\/div>\n\t\t\t\t\t<\/div>\n\t\t<\/section>\n\t\t\t\t<section class=\"elementor-section elementor-top-section elementor-element elementor-element-38ea6786 elementor-section-boxed elementor-section-height-default elementor-section-height-default\" data-id=\"38ea6786\" data-element_type=\"section\" data-e-type=\"section\" data-settings=\"{&quot;ekit_has_onepagescroll_dot&quot;:&quot;yes&quot;}\">\n\t\t\t\t\t\t<div class=\"elementor-container elementor-column-gap-default\">\n\t\t\t\t\t<div class=\"elementor-column elementor-col-100 elementor-top-column elementor-element elementor-element-17f2c0c8\" data-id=\"17f2c0c8\" data-element_type=\"column\" data-e-type=\"column\">\n\t\t\t<div class=\"elementor-widget-wrap elementor-element-populated\">\n\t\t\t\t\t\t<div class=\"elementor-element elementor-element-669f4cc elementor-widget elementor-widget-heading\" data-id=\"669f4cc\" data-element_type=\"widget\" data-e-type=\"widget\" data-settings=\"{&quot;ekit_we_effect_on&quot;:&quot;none&quot;}\" data-widget_type=\"heading.default\">\n\t\t\t\t<div class=\"elementor-widget-container\">\n\t\t\t\t\t<h5 class=\"elementor-heading-title elementor-size-default\">Derechos de autor \/ Descargo de responsabilidad<\/h5>\t\t\t\t<\/div>\n\t\t\t\t<\/div>\n\t\t\t\t<div class=\"elementor-element elementor-element-0f41ff6 elementor-widget elementor-widget-heading\" data-id=\"0f41ff6\" data-element_type=\"widget\" data-e-type=\"widget\" data-settings=\"{&quot;ekit_we_effect_on&quot;:&quot;none&quot;}\" data-widget_type=\"heading.default\">\n\t\t\t\t<div class=\"elementor-widget-container\">\n\t\t\t\t\t<h2 class=\"elementor-heading-title elementor-size-default\">Derechos de autor\/exenci\u00f3n de responsabilidad.<\/h2>\t\t\t\t<\/div>\n\t\t\t\t<\/div>\n\t\t\t\t<div class=\"elementor-element elementor-element-3cdc2da elementor-widget-divider--view-line elementor-widget elementor-widget-divider\" data-id=\"3cdc2da\" data-element_type=\"widget\" data-e-type=\"widget\" data-settings=\"{&quot;ekit_we_effect_on&quot;:&quot;none&quot;}\" data-widget_type=\"divider.default\">\n\t\t\t\t<div class=\"elementor-widget-container\">\n\t\t\t\t\t\t\t<div class=\"elementor-divider\">\n\t\t\t<span class=\"elementor-divider-separator\">\n\t\t\t\t\t\t<\/span>\n\t\t<\/div>\n\t\t\t\t\t\t<\/div>\n\t\t\t\t<\/div>\n\t\t\t\t<div class=\"elementor-element elementor-element-43682110 elementor-widget elementor-widget-text-editor\" data-id=\"43682110\" data-element_type=\"widget\" data-e-type=\"widget\" data-settings=\"{&quot;ekit_we_effect_on&quot;:&quot;none&quot;}\" data-widget_type=\"text-editor.default\">\n\t\t\t\t<div class=\"elementor-widget-container\">\n\t\t\t\t\t\t\t\t\t<p><b>Derechos de autor.<\/b><\/p>\n<ul>\n<li>Los derechos de autor del texto, las fotograf\u00edas, las ilustraciones, los gr\u00e1ficos, el dise\u00f1o, etc. de este sitio web pertenecen a la empresa.<\/li>\n<\/ul>\n<ul>\n<li>Los derechos de autor est\u00e1n protegidos por la ley japonesa de derechos de autor y los tratados internacionales.<\/li>\n<\/ul>\n<ul>\n<li>Le rogamos que se abstenga de realizar desviaciones o reproducciones no autorizadas m\u00e1s all\u00e1 de lo permitido por la ley de derechos de autor.<\/li>\n<\/ul>\n<p><b>Descargo de responsabilidad.  <\/b><\/p>\n<ul>\n<li>Los derechos de autor del material fotogr\u00e1fico, ilustrativo y de v\u00eddeo utilizado en la descripci\u00f3n de las p\u00e1ginas y dem\u00e1s informaci\u00f3n de este sitio web est\u00e1n sujetos a los t\u00e9rminos y condiciones del sitio de distribuci\u00f3n y del sitio de material.<\/li>\n<\/ul>\n<ul>\n<li>Tenga en cuenta que las pantallas y la informaci\u00f3n de este sitio web pueden modificarse o eliminarse sin previo aviso, y que el funcionamiento de este sitio web puede suspenderse o darse por terminado.<\/li>\n<\/ul>\n<ul>\n<li>Por regla general, las marcas \u00ae, TM y \u00a9 no aparecen en este sitio web.<\/li>\n<\/ul>\n<ul>\n<li>Se pueden proporcionar enlaces desde este sitio web a sitios web operados por terceros y enlaces desde otros sitios web a este sitio web, pero no respaldamos el contenido de otros sitios web.<\/li>\n<li>No nos hacemos responsables de los da\u00f1os causados por cualquier sitio o equipo de Internet que no sea de Estocolmo y que est\u00e9 vinculado a este sitio web.<\/li>\n<\/ul>\n\t\t\t\t\t\t\t\t<\/div>\n\t\t\t\t<\/div>\n\t\t\t\t\t<\/div>\n\t\t<\/div>\n\t\t\t\t\t<\/div>\n\t\t<\/section>\n\t\t\t\t<\/div>\n\t\t","protected":false},"excerpt":{"rendered":"<p>Derechos de autor \/ Descargo de responsabilidad Inicio Derechos de autor. Derechos de autor \/ Descargo de responsabilidad Derechos de autor\/exenci\u00f3n de responsabilidad. Derechos de autor. Los derechos de autor del texto, las fotograf\u00edas, las ilustraciones, los gr\u00e1ficos, el dise\u00f1o, etc. de este sitio web pertenecen a la empresa. Los derechos de autor est\u00e1n protegidos [&hellip;]<\/p>\n","protected":false},"author":1,"featured_media":0,"parent":0,"menu_order":0,"comment_status":"closed","ping_status":"closed","template":"","meta":{"sns_share_botton_hide":"","vkExUnit_sns_title":"","_vk_print_noindex":"","sitemap_hide":"","vkExUnit_sitemap":"","_veu_custom_css":"","veu_display_promotion_alert":"","_exclude_from_list_pages":"","vkexunit_cta_each_option":"","vkExUnit_childPageIndex":"","vkExUnit_pageList_ancestor":"","vkExUnit_contact_enable":"","footnotes":""},"class_list":["post-4931","page","type-page","status-publish","hentry"],"veu_head_title_object":{"title":"","add_site_title":""},"_links":{"self":[{"href":"https:\/\/accacom.jp\/es\/wp-json\/wp\/v2\/pages\/4931","targetHints":{"allow":["GET"]}}],"collection":[{"href":"https:\/\/accacom.jp\/es\/wp-json\/wp\/v2\/pages"}],"about":[{"href":"https:\/\/accacom.jp\/es\/wp-json\/wp\/v2\/types\/page"}],"author":[{"embeddable":true,"href":"https:\/\/accacom.jp\/es\/wp-json\/wp\/v2\/users\/1"}],"replies":[{"embeddable":true,"href":"https:\/\/accacom.jp\/es\/wp-json\/wp\/v2\/comments?post=4931"}],"version-history":[{"count":0,"href":"https:\/\/accacom.jp\/es\/wp-json\/wp\/v2\/pages\/4931\/revisions"}],"wp:attachment":[{"href":"https:\/\/accacom.jp\/es\/wp-json\/wp\/v2\/media?parent=4931"}],"curies":[{"name":"wp","href":"https:\/\/api.w.org\/{rel}","templated":true}]}}