{"id":4943,"date":"2022-10-07T21:45:07","date_gmt":"2022-10-07T12:45:07","guid":{"rendered":"https:\/\/accacom.jp\/politica-basica-de-seguridad-de-la-informacion\/"},"modified":"2022-10-07T21:59:02","modified_gmt":"2022-10-07T12:59:02","slug":"politica-basica-de-seguridad-de-la-informacion","status":"publish","type":"page","link":"https:\/\/accacom.jp\/es\/politica-basica-de-seguridad-de-la-informacion\/","title":{"rendered":"Pol\u00edtica b\u00e1sica de seguridad de la informaci\u00f3n"},"content":{"rendered":"\t\t<div data-elementor-type=\"wp-page\" data-elementor-id=\"4943\" class=\"elementor elementor-4943\" data-elementor-post-type=\"page\">\n\t\t\t\t\t\t<section class=\"elementor-section elementor-top-section elementor-element elementor-element-ed1bb89 elementor-section-boxed elementor-section-height-default elementor-section-height-default\" data-id=\"ed1bb89\" data-element_type=\"section\" data-e-type=\"section\" data-settings=\"{&quot;background_background&quot;:&quot;classic&quot;,&quot;ekit_has_onepagescroll_dot&quot;:&quot;yes&quot;}\">\n\t\t\t\t\t\t\t<div class=\"elementor-background-overlay\"><\/div>\n\t\t\t\t\t\t\t<div class=\"elementor-container elementor-column-gap-default\">\n\t\t\t\t\t<div class=\"elementor-column elementor-col-100 elementor-top-column elementor-element elementor-element-2db2a98\" data-id=\"2db2a98\" data-element_type=\"column\" data-e-type=\"column\">\n\t\t\t<div class=\"elementor-widget-wrap elementor-element-populated\">\n\t\t\t\t\t\t<div class=\"elementor-element elementor-element-5976a069 elementor-widget elementor-widget-heading\" data-id=\"5976a069\" data-element_type=\"widget\" data-e-type=\"widget\" data-settings=\"{&quot;ekit_we_effect_on&quot;:&quot;none&quot;}\" data-widget_type=\"heading.default\">\n\t\t\t\t<div class=\"elementor-widget-container\">\n\t\t\t\t\t<h2 class=\"elementor-heading-title elementor-size-default\">Seguridad de la informaci\u00f3n<\/h2>\t\t\t\t<\/div>\n\t\t\t\t<\/div>\n\t\t\t\t<div class=\"elementor-element elementor-element-1a0d2bf4 elementor-icon-list--layout-inline elementor-align-center elementor-list-item-link-full_width elementor-widget elementor-widget-icon-list\" data-id=\"1a0d2bf4\" data-element_type=\"widget\" data-e-type=\"widget\" data-settings=\"{&quot;ekit_we_effect_on&quot;:&quot;none&quot;}\" data-widget_type=\"icon-list.default\">\n\t\t\t\t<div class=\"elementor-widget-container\">\n\t\t\t\t\t\t\t<ul class=\"elementor-icon-list-items elementor-inline-items\">\n\t\t\t\t\t\t\t<li class=\"elementor-icon-list-item elementor-inline-item\">\n\t\t\t\t\t\t\t\t\t\t\t<a href=\"\/\">\n\n\t\t\t\t\t\t\t\t\t\t\t<span class=\"elementor-icon-list-text\">Inicio<\/span>\n\t\t\t\t\t\t\t\t\t\t\t<\/a>\n\t\t\t\t\t\t\t\t\t<\/li>\n\t\t\t\t\t\t\t\t<li class=\"elementor-icon-list-item elementor-inline-item\">\n\t\t\t\t\t\t\t\t\t\t\t<span class=\"elementor-icon-list-icon\">\n\t\t\t\t\t\t\t<i aria-hidden=\"true\" class=\"fas fa-chevron-right\"><\/i>\t\t\t\t\t\t<\/span>\n\t\t\t\t\t\t\t\t\t\t<span class=\"elementor-icon-list-text\">Seguridad<\/span>\n\t\t\t\t\t\t\t\t\t<\/li>\n\t\t\t\t\t\t<\/ul>\n\t\t\t\t\t\t<\/div>\n\t\t\t\t<\/div>\n\t\t\t\t\t<\/div>\n\t\t<\/div>\n\t\t\t\t\t<\/div>\n\t\t<\/section>\n\t\t\t\t<section class=\"elementor-section elementor-top-section elementor-element elementor-element-670055aa elementor-section-boxed elementor-section-height-default elementor-section-height-default\" data-id=\"670055aa\" data-element_type=\"section\" data-e-type=\"section\" data-settings=\"{&quot;ekit_has_onepagescroll_dot&quot;:&quot;yes&quot;}\">\n\t\t\t\t\t\t<div class=\"elementor-container elementor-column-gap-default\">\n\t\t\t\t\t<div class=\"elementor-column elementor-col-100 elementor-top-column elementor-element elementor-element-66e049be\" data-id=\"66e049be\" data-element_type=\"column\" data-e-type=\"column\">\n\t\t\t<div class=\"elementor-widget-wrap elementor-element-populated\">\n\t\t\t\t\t\t<div class=\"elementor-element elementor-element-788bf878 elementor-widget elementor-widget-heading\" data-id=\"788bf878\" data-element_type=\"widget\" data-e-type=\"widget\" data-settings=\"{&quot;ekit_we_effect_on&quot;:&quot;none&quot;}\" data-widget_type=\"heading.default\">\n\t\t\t\t<div class=\"elementor-widget-container\">\n\t\t\t\t\t<h5 class=\"elementor-heading-title elementor-size-default\">Seguridad de la informaci\u00f3n<\/h5>\t\t\t\t<\/div>\n\t\t\t\t<\/div>\n\t\t\t\t<div class=\"elementor-element elementor-element-8d96de4 elementor-widget elementor-widget-heading\" data-id=\"8d96de4\" data-element_type=\"widget\" data-e-type=\"widget\" data-settings=\"{&quot;ekit_we_effect_on&quot;:&quot;none&quot;}\" data-widget_type=\"heading.default\">\n\t\t\t\t<div class=\"elementor-widget-container\">\n\t\t\t\t\t<h2 class=\"elementor-heading-title elementor-size-default\">Pol\u00edtica b\u00e1sica de seguridad de la informaci\u00f3n<\/h2>\t\t\t\t<\/div>\n\t\t\t\t<\/div>\n\t\t\t\t<div class=\"elementor-element elementor-element-37959190 elementor-widget-divider--view-line elementor-widget elementor-widget-divider\" data-id=\"37959190\" data-element_type=\"widget\" data-e-type=\"widget\" data-settings=\"{&quot;ekit_we_effect_on&quot;:&quot;none&quot;}\" data-widget_type=\"divider.default\">\n\t\t\t\t<div class=\"elementor-widget-container\">\n\t\t\t\t\t\t\t<div class=\"elementor-divider\">\n\t\t\t<span class=\"elementor-divider-separator\">\n\t\t\t\t\t\t<\/span>\n\t\t<\/div>\n\t\t\t\t\t\t<\/div>\n\t\t\t\t<\/div>\n\t\t\t\t<div class=\"elementor-element elementor-element-6b4603d2 elementor-widget elementor-widget-text-editor\" data-id=\"6b4603d2\" data-element_type=\"widget\" data-e-type=\"widget\" data-settings=\"{&quot;ekit_we_effect_on&quot;:&quot;none&quot;}\" data-widget_type=\"text-editor.default\">\n\t\t\t\t<div class=\"elementor-widget-container\">\n\t\t\t\t\t\t\t\t\t<p>La empresa ha respondido a las necesidades de sus clientes proporcionando servicios de producci\u00f3n de sitios web, producci\u00f3n de tiendas online, gesti\u00f3n de sitios web, apoyo a la gesti\u00f3n, negocio de seminarios y agencia de publicidad. Para seguir ofreciendo productos y servicios que satisfagan a nuestros clientes, protegeremos los activos de informaci\u00f3n que nos han confiado nuestros clientes y nuestra empresa de amenazas como accidentes, desastres y delitos, y para estar a la altura de la confianza de nuestros clientes y de la sociedad, trabajaremos en la seguridad de la informaci\u00f3n en toda la empresa bas\u00e1ndonos en la siguiente pol\u00edtica.<\/p>\n<p><strong>1. responsabilidad de la direcci\u00f3n<\/strong><\/p>\n<p>La empresa se compromete a mejorar y potenciar de forma sistem\u00e1tica y continua la seguridad de la informaci\u00f3n bajo el liderazgo de su direcci\u00f3n.<\/p>\n<p><strong>2. desarrollo de sistemas internos<\/strong><\/p>\n<p>La empresa ha creado una organizaci\u00f3n para mantener y mejorar la seguridad de la informaci\u00f3n y ha establecido normas internas formales para las medidas de seguridad de la informaci\u00f3n.<\/p>\n<p><strong>3. iniciativas de los empleados<\/strong><\/p>\n<p>Nuestros empleados adquieren los conocimientos y habilidades necesarios para la seguridad de la informaci\u00f3n y garantizan nuestro compromiso con la seguridad de la informaci\u00f3n.<\/p>\n<p><strong>4. cumplimiento de los requisitos legales y contractuales<\/strong><\/p>\n<p>Cumplimos las leyes, reglamentos, normas y obligaciones contractuales relativas a la seguridad de la informaci\u00f3n y satisfacemos las expectativas de los clientes.<\/p>\n<p><strong>5. respuesta a las infracciones y accidentes.<\/strong><\/p>\n<p>La empresa adoptar\u00e1 las medidas oportunas en caso de infracci\u00f3n de las leyes y los reglamentos, de las infracciones contractuales y de los accidentes relacionados con la seguridad de la informaci\u00f3n, y se esforzar\u00e1 por evitar que se repitan.<\/p>\n<p style=\"text-align: right;\">Fecha de entrada en vigor: 1 de noviembre de 2021.<br \/>ACCA Communications LLC.<br \/>Empleada representante Miyuki Ito<\/p><\/p>\n\t\t\t\t\t\t\t\t<\/div>\n\t\t\t\t<\/div>\n\t\t\t\t\t<\/div>\n\t\t<\/div>\n\t\t\t\t\t<\/div>\n\t\t<\/section>\n\t\t\t\t<\/div>\n\t\t","protected":false},"excerpt":{"rendered":"<p>Seguridad de la informaci\u00f3n Inicio Seguridad Seguridad de la informaci\u00f3n Pol\u00edtica b\u00e1sica de seguridad de la informaci\u00f3n La empresa ha respondido a las necesidades de sus clientes proporcionando servicios de producci\u00f3n de sitios web, producci\u00f3n de tiendas online, gesti\u00f3n de sitios web, apoyo a la gesti\u00f3n, negocio de seminarios y agencia de publicidad. Para seguir [&hellip;]<\/p>\n","protected":false},"author":1,"featured_media":0,"parent":0,"menu_order":8,"comment_status":"closed","ping_status":"closed","template":"elementor_header_footer","meta":{"vkexunit_cta_each_option":"","footnotes":""},"class_list":["post-4943","page","type-page","status-publish","hentry"],"_links":{"self":[{"href":"https:\/\/accacom.jp\/es\/wp-json\/wp\/v2\/pages\/4943","targetHints":{"allow":["GET"]}}],"collection":[{"href":"https:\/\/accacom.jp\/es\/wp-json\/wp\/v2\/pages"}],"about":[{"href":"https:\/\/accacom.jp\/es\/wp-json\/wp\/v2\/types\/page"}],"author":[{"embeddable":true,"href":"https:\/\/accacom.jp\/es\/wp-json\/wp\/v2\/users\/1"}],"replies":[{"embeddable":true,"href":"https:\/\/accacom.jp\/es\/wp-json\/wp\/v2\/comments?post=4943"}],"version-history":[{"count":0,"href":"https:\/\/accacom.jp\/es\/wp-json\/wp\/v2\/pages\/4943\/revisions"}],"wp:attachment":[{"href":"https:\/\/accacom.jp\/es\/wp-json\/wp\/v2\/media?parent=4943"}],"curies":[{"name":"wp","href":"https:\/\/api.w.org\/{rel}","templated":true}]}}