{"id":4955,"date":"2014-12-01T19:13:57","date_gmt":"2014-12-01T10:13:57","guid":{"rendered":"https:\/\/accacom.jp\/politica-de-privacidad\/"},"modified":"2022-10-07T22:04:12","modified_gmt":"2022-10-07T13:04:12","slug":"politica-de-privacidad","status":"publish","type":"page","link":"https:\/\/accacom.jp\/es\/politica-de-privacidad\/","title":{"rendered":"Pol\u00edtica de privacidad."},"content":{"rendered":"\t\t<div data-elementor-type=\"wp-page\" data-elementor-id=\"4955\" class=\"elementor elementor-4955\" data-elementor-post-type=\"page\">\n\t\t\t\t\t\t<section class=\"elementor-section elementor-top-section elementor-element elementor-element-6a091255 elementor-section-boxed elementor-section-height-default elementor-section-height-default\" data-id=\"6a091255\" data-element_type=\"section\" data-e-type=\"section\" data-settings=\"{&quot;background_background&quot;:&quot;classic&quot;,&quot;ekit_has_onepagescroll_dot&quot;:&quot;yes&quot;}\">\n\t\t\t\t\t\t\t<div class=\"elementor-background-overlay\"><\/div>\n\t\t\t\t\t\t\t<div class=\"elementor-container elementor-column-gap-default\">\n\t\t\t\t\t<div class=\"elementor-column elementor-col-100 elementor-top-column elementor-element elementor-element-3a4e4b00\" data-id=\"3a4e4b00\" data-element_type=\"column\" data-e-type=\"column\">\n\t\t\t<div class=\"elementor-widget-wrap elementor-element-populated\">\n\t\t\t\t\t\t<div class=\"elementor-element elementor-element-7ad15ae2 elementor-widget elementor-widget-heading\" data-id=\"7ad15ae2\" data-element_type=\"widget\" data-e-type=\"widget\" data-settings=\"{&quot;ekit_we_effect_on&quot;:&quot;none&quot;}\" data-widget_type=\"heading.default\">\n\t\t\t\t<div class=\"elementor-widget-container\">\n\t\t\t\t\t<h2 class=\"elementor-heading-title elementor-size-default\">Pol\u00edtica de privacidad<\/h2>\t\t\t\t<\/div>\n\t\t\t\t<\/div>\n\t\t\t\t<div class=\"elementor-element elementor-element-7d2c8d79 elementor-icon-list--layout-inline elementor-align-center elementor-list-item-link-full_width elementor-widget elementor-widget-icon-list\" data-id=\"7d2c8d79\" data-element_type=\"widget\" data-e-type=\"widget\" data-settings=\"{&quot;ekit_we_effect_on&quot;:&quot;none&quot;}\" data-widget_type=\"icon-list.default\">\n\t\t\t\t<div class=\"elementor-widget-container\">\n\t\t\t\t\t\t\t<ul class=\"elementor-icon-list-items elementor-inline-items\">\n\t\t\t\t\t\t\t<li class=\"elementor-icon-list-item elementor-inline-item\">\n\t\t\t\t\t\t\t\t\t\t\t<a href=\"\/\">\n\n\t\t\t\t\t\t\t\t\t\t\t<span class=\"elementor-icon-list-text\">Inicio<\/span>\n\t\t\t\t\t\t\t\t\t\t\t<\/a>\n\t\t\t\t\t\t\t\t\t<\/li>\n\t\t\t\t\t\t\t\t<li class=\"elementor-icon-list-item elementor-inline-item\">\n\t\t\t\t\t\t\t\t\t\t\t<span class=\"elementor-icon-list-icon\">\n\t\t\t\t\t\t\t<i aria-hidden=\"true\" class=\"fas fa-chevron-right\"><\/i>\t\t\t\t\t\t<\/span>\n\t\t\t\t\t\t\t\t\t\t<span class=\"elementor-icon-list-text\">Pol\u00edtica de privacidad<\/span>\n\t\t\t\t\t\t\t\t\t<\/li>\n\t\t\t\t\t\t<\/ul>\n\t\t\t\t\t\t<\/div>\n\t\t\t\t<\/div>\n\t\t\t\t\t<\/div>\n\t\t<\/div>\n\t\t\t\t\t<\/div>\n\t\t<\/section>\n\t\t\t\t<section class=\"elementor-section elementor-top-section elementor-element elementor-element-274f8a5 elementor-section-boxed elementor-section-height-default elementor-section-height-default\" data-id=\"274f8a5\" data-element_type=\"section\" data-e-type=\"section\" data-settings=\"{&quot;ekit_has_onepagescroll_dot&quot;:&quot;yes&quot;}\">\n\t\t\t\t\t\t<div class=\"elementor-container elementor-column-gap-default\">\n\t\t\t\t\t<div class=\"elementor-column elementor-col-100 elementor-top-column elementor-element elementor-element-45582a2\" data-id=\"45582a2\" data-element_type=\"column\" data-e-type=\"column\">\n\t\t\t<div class=\"elementor-widget-wrap elementor-element-populated\">\n\t\t\t\t\t\t<div class=\"elementor-element elementor-element-233d8b6b elementor-widget elementor-widget-heading\" data-id=\"233d8b6b\" data-element_type=\"widget\" data-e-type=\"widget\" data-settings=\"{&quot;ekit_we_effect_on&quot;:&quot;none&quot;}\" data-widget_type=\"heading.default\">\n\t\t\t\t<div class=\"elementor-widget-container\">\n\t\t\t\t\t<h5 class=\"elementor-heading-title elementor-size-default\">Pol\u00edtica de privacidad<\/h5>\t\t\t\t<\/div>\n\t\t\t\t<\/div>\n\t\t\t\t<div class=\"elementor-element elementor-element-4f369b0d elementor-widget elementor-widget-heading\" data-id=\"4f369b0d\" data-element_type=\"widget\" data-e-type=\"widget\" data-settings=\"{&quot;ekit_we_effect_on&quot;:&quot;none&quot;}\" data-widget_type=\"heading.default\">\n\t\t\t\t<div class=\"elementor-widget-container\">\n\t\t\t\t\t<h2 class=\"elementor-heading-title elementor-size-default\">Pol\u00edtica de privacidad.<\/h2>\t\t\t\t<\/div>\n\t\t\t\t<\/div>\n\t\t\t\t<div class=\"elementor-element elementor-element-436c7aac elementor-widget-divider--view-line elementor-widget elementor-widget-divider\" data-id=\"436c7aac\" data-element_type=\"widget\" data-e-type=\"widget\" data-settings=\"{&quot;ekit_we_effect_on&quot;:&quot;none&quot;}\" data-widget_type=\"divider.default\">\n\t\t\t\t<div class=\"elementor-widget-container\">\n\t\t\t\t\t\t\t<div class=\"elementor-divider\">\n\t\t\t<span class=\"elementor-divider-separator\">\n\t\t\t\t\t\t<\/span>\n\t\t<\/div>\n\t\t\t\t\t\t<\/div>\n\t\t\t\t<\/div>\n\t\t\t\t<div class=\"elementor-element elementor-element-1dabbce7 elementor-widget elementor-widget-text-editor\" data-id=\"1dabbce7\" data-element_type=\"widget\" data-e-type=\"widget\" data-settings=\"{&quot;ekit_we_effect_on&quot;:&quot;none&quot;}\" data-widget_type=\"text-editor.default\">\n\t\t\t\t<div class=\"elementor-widget-container\">\n\t\t\t\t\t\t\t\t\tEn consideraci\u00f3n a la protecci\u00f3n de los datos personales, ACCA Communications LLC (en adelante \u00abla Empresa\u00bb) estipula su pol\u00edtica de privacidad como sigue.<br>La Empresa prestar\u00e1 los Servicios al Cliente de buena fe y con el cuidado de un buen gestor.<br>La Empresa podr\u00e1 subcontratar trabajos relacionados con la prestaci\u00f3n de los Servicios a terceros bajo su responsabilidad.<br>\n\nSi la Empresa recibe identificaciones, contrase\u00f1as, datos, materiales, etc. (en adelante \u00abPresentaciones\u00bb) del Cliente en la prestaci\u00f3n de los Servicios, la Empresa no utilizar\u00e1 dichas Presentaciones m\u00e1s all\u00e1 de lo necesario para la prestaci\u00f3n de los Servicios y las manejar\u00e1 con el cuidado de un buen gestor.\n\nCuando usted utiliza nuestros servicios y visita nuestro sitio web, registramos informaci\u00f3n sobre su direcci\u00f3n IP y las p\u00e1ginas visitadas desde su navegador como registros del servidor (historial).<br>\n<h4>prop\u00f3sito de uso<\/h4>\nAdem\u00e1s, los fines para los que recopilamos informaci\u00f3n sobre usted se limitan a los tres siguientes<br>\n<ul>\n \t<li>Para que la estructura y el dise\u00f1o de las p\u00e1ginas que est\u00e1 viendo le resulten m\u00e1s c\u00f3modos.<\/li>\n \t<li>Para proporcionarle informaci\u00f3n m\u00e1s satisfactoria sobre nuestros productos y servicios.<\/li>\n \t<li>Para enviarle informaci\u00f3n sobre ofertas especiales y nuevos servicios.<\/li>\n<\/ul>\n<h4>Intercambio y divulgaci\u00f3n de informaci\u00f3n<\/h4>\nNo vendemos ni alquilamos su informaci\u00f3n personal identificable a terceros. Podemos proporcionar su informaci\u00f3n personal identificable a terceros en los siguientes casos<br>\n<ul>\n \t<li>Cuando haya consentimiento entre usted y nosotros para compartir informaci\u00f3n.<\/li>\n \t<li>Cuando sea necesario para prestar los servicios solicitados por el cliente.<\/li>\n \t<li>Cuando sea necesario para que nuestros agentes le presten los servicios que ha solicitado.<\/li>\n \t<li>(Si no obtenemos su autorizaci\u00f3n para el uso de su informaci\u00f3n, el agente no puede utilizar su informaci\u00f3n para ning\u00fan otro fin que no sea el prescrito).<\/li>\n \t<li>En respuesta a una orden o proceso legal.<\/li>\n \t<li>Su comportamiento es contrario a nuestras condiciones de uso cuando utiliza la informaci\u00f3n y los servicios que ofrecemos.<\/li>\n<\/ul><br>\n<h4>Medidas de tratamiento y protecci\u00f3n de datos personales<\/h4>\nPara proteger estrictamente los datos personales, aplicaremos medidas de seguridad en el almacenamiento y la administraci\u00f3n, y garantizaremos la formaci\u00f3n y concienciaci\u00f3n de los empleados. La empresa nombra a una persona responsable de la gesti\u00f3n de la informaci\u00f3n personal y se asegura de que la informaci\u00f3n personal sea tratada adecuadamente. Cuando subcontratamos un trabajo a un contratista externo, seleccionamos un contratista que pueda proteger adecuadamente la informaci\u00f3n, e instruir y garantizar la gesti\u00f3n de la informaci\u00f3n personal en el contrato de subcontrataci\u00f3n.<br>\n\n<h4>Cambios en la pol\u00edtica de privacidad<\/h4>\nEl contenido de esta Pol\u00edtica puede ser modificado sin previo aviso al Usuario, salvo que se disponga lo contrario por ley o en esta Pol\u00edtica.\nA menos que la empresa especifique lo contrario, la pol\u00edtica de privacidad revisada entrar\u00e1 en vigor a partir del momento en que se publique en el sitio web.<br>\n\n<h4>Punto de contacto para preguntas, gesti\u00f3n de reclamaciones, etc.<\/h4>\nSi tiene preguntas o reclamaciones sobre el tratamiento de los datos personales por parte de la empresa, p\u00f3ngase en contacto con<br><br>\n\nNombre de la empresa: ACCA Communications LLC<br>\nDepartamento de contacto: Departamento de Administraci\u00f3n de Empresas<br>\nN\u00famero de tel\u00e9fono: 050-3159-6003<br>\nDirecci\u00f3n de correo electr\u00f3nico: info@accacom.jp<br><br>\n\n<p style=\"text-align: right;\">1 de diciembre de 2014 Establecimiento.<\/p>\t\t\t\t\t\t\t\t<\/div>\n\t\t\t\t<\/div>\n\t\t\t\t\t<\/div>\n\t\t<\/div>\n\t\t\t\t\t<\/div>\n\t\t<\/section>\n\t\t\t\t<\/div>\n\t\t","protected":false},"excerpt":{"rendered":"<p>Pol\u00edtica de privacidad Inicio Pol\u00edtica de privacidad Pol\u00edtica de privacidad Pol\u00edtica de privacidad. En consideraci\u00f3n a la protecci\u00f3n de los datos personales, ACCA Communications LLC (en adelante \u00abla Empresa\u00bb) estipula su pol\u00edtica de privacidad como sigue.La Empresa prestar\u00e1 los Servicios al Cliente de buena fe y con el cuidado de un buen gestor.La Empresa podr\u00e1 [&hellip;]<\/p>\n","protected":false},"author":1,"featured_media":3861,"parent":0,"menu_order":0,"comment_status":"closed","ping_status":"closed","template":"elementor_header_footer","meta":{"sns_share_botton_hide":"","vkExUnit_sns_title":"","_vk_print_noindex":"","sitemap_hide":"","vkExUnit_sitemap":"","_veu_custom_css":"","veu_display_promotion_alert":"","_exclude_from_list_pages":"","vkexunit_cta_each_option":"","vkExUnit_childPageIndex":"","vkExUnit_pageList_ancestor":"","vkExUnit_contact_enable":"","footnotes":""},"class_list":["post-4955","page","type-page","status-publish","has-post-thumbnail","hentry"],"veu_head_title_object":{"title":"","add_site_title":""},"_links":{"self":[{"href":"https:\/\/accacom.jp\/es\/wp-json\/wp\/v2\/pages\/4955","targetHints":{"allow":["GET"]}}],"collection":[{"href":"https:\/\/accacom.jp\/es\/wp-json\/wp\/v2\/pages"}],"about":[{"href":"https:\/\/accacom.jp\/es\/wp-json\/wp\/v2\/types\/page"}],"author":[{"embeddable":true,"href":"https:\/\/accacom.jp\/es\/wp-json\/wp\/v2\/users\/1"}],"replies":[{"embeddable":true,"href":"https:\/\/accacom.jp\/es\/wp-json\/wp\/v2\/comments?post=4955"}],"version-history":[{"count":0,"href":"https:\/\/accacom.jp\/es\/wp-json\/wp\/v2\/pages\/4955\/revisions"}],"wp:featuredmedia":[{"embeddable":true,"href":"https:\/\/accacom.jp\/es\/wp-json\/wp\/v2\/media\/3861"}],"wp:attachment":[{"href":"https:\/\/accacom.jp\/es\/wp-json\/wp\/v2\/media?parent=4955"}],"curies":[{"name":"wp","href":"https:\/\/api.w.org\/{rel}","templated":true}]}}