{"id":4951,"date":"2014-12-01T19:13:57","date_gmt":"2014-12-01T10:13:57","guid":{"rendered":"https:\/\/accacom.jp\/informativa-sulla-privacy\/"},"modified":"2022-10-07T22:03:10","modified_gmt":"2022-10-07T13:03:10","slug":"informativa-sulla-privacy","status":"publish","type":"page","link":"https:\/\/accacom.jp\/it\/informativa-sulla-privacy\/","title":{"rendered":"Informativa sulla privacy."},"content":{"rendered":"\t\t<div data-elementor-type=\"wp-page\" data-elementor-id=\"4951\" class=\"elementor elementor-4951\" data-elementor-post-type=\"page\">\n\t\t\t\t\t\t<section class=\"elementor-section elementor-top-section elementor-element elementor-element-6a091255 elementor-section-boxed elementor-section-height-default elementor-section-height-default\" data-id=\"6a091255\" data-element_type=\"section\" data-e-type=\"section\" data-settings=\"{&quot;background_background&quot;:&quot;classic&quot;,&quot;ekit_has_onepagescroll_dot&quot;:&quot;yes&quot;}\">\n\t\t\t\t\t\t\t<div class=\"elementor-background-overlay\"><\/div>\n\t\t\t\t\t\t\t<div class=\"elementor-container elementor-column-gap-default\">\n\t\t\t\t\t<div class=\"elementor-column elementor-col-100 elementor-top-column elementor-element elementor-element-3a4e4b00\" data-id=\"3a4e4b00\" data-element_type=\"column\" data-e-type=\"column\">\n\t\t\t<div class=\"elementor-widget-wrap elementor-element-populated\">\n\t\t\t\t\t\t<div class=\"elementor-element elementor-element-7ad15ae2 elementor-widget elementor-widget-heading\" data-id=\"7ad15ae2\" data-element_type=\"widget\" data-e-type=\"widget\" data-settings=\"{&quot;ekit_we_effect_on&quot;:&quot;none&quot;}\" data-widget_type=\"heading.default\">\n\t\t\t\t<div class=\"elementor-widget-container\">\n\t\t\t\t\t<h2 class=\"elementor-heading-title elementor-size-default\">Informativa sulla privacy<\/h2>\t\t\t\t<\/div>\n\t\t\t\t<\/div>\n\t\t\t\t<div class=\"elementor-element elementor-element-7d2c8d79 elementor-icon-list--layout-inline elementor-align-center elementor-list-item-link-full_width elementor-widget elementor-widget-icon-list\" data-id=\"7d2c8d79\" data-element_type=\"widget\" data-e-type=\"widget\" data-settings=\"{&quot;ekit_we_effect_on&quot;:&quot;none&quot;}\" data-widget_type=\"icon-list.default\">\n\t\t\t\t<div class=\"elementor-widget-container\">\n\t\t\t\t\t\t\t<ul class=\"elementor-icon-list-items elementor-inline-items\">\n\t\t\t\t\t\t\t<li class=\"elementor-icon-list-item elementor-inline-item\">\n\t\t\t\t\t\t\t\t\t\t\t<a href=\"\/\">\n\n\t\t\t\t\t\t\t\t\t\t\t<span class=\"elementor-icon-list-text\">Casa<\/span>\n\t\t\t\t\t\t\t\t\t\t\t<\/a>\n\t\t\t\t\t\t\t\t\t<\/li>\n\t\t\t\t\t\t\t\t<li class=\"elementor-icon-list-item elementor-inline-item\">\n\t\t\t\t\t\t\t\t\t\t\t<span class=\"elementor-icon-list-icon\">\n\t\t\t\t\t\t\t<i aria-hidden=\"true\" class=\"fas fa-chevron-right\"><\/i>\t\t\t\t\t\t<\/span>\n\t\t\t\t\t\t\t\t\t\t<span class=\"elementor-icon-list-text\">Informativa sulla privacy<\/span>\n\t\t\t\t\t\t\t\t\t<\/li>\n\t\t\t\t\t\t<\/ul>\n\t\t\t\t\t\t<\/div>\n\t\t\t\t<\/div>\n\t\t\t\t\t<\/div>\n\t\t<\/div>\n\t\t\t\t\t<\/div>\n\t\t<\/section>\n\t\t\t\t<section class=\"elementor-section elementor-top-section elementor-element elementor-element-274f8a5 elementor-section-boxed elementor-section-height-default elementor-section-height-default\" data-id=\"274f8a5\" data-element_type=\"section\" data-e-type=\"section\" data-settings=\"{&quot;ekit_has_onepagescroll_dot&quot;:&quot;yes&quot;}\">\n\t\t\t\t\t\t<div class=\"elementor-container elementor-column-gap-default\">\n\t\t\t\t\t<div class=\"elementor-column elementor-col-100 elementor-top-column elementor-element elementor-element-45582a2\" data-id=\"45582a2\" data-element_type=\"column\" data-e-type=\"column\">\n\t\t\t<div class=\"elementor-widget-wrap elementor-element-populated\">\n\t\t\t\t\t\t<div class=\"elementor-element elementor-element-233d8b6b elementor-widget elementor-widget-heading\" data-id=\"233d8b6b\" data-element_type=\"widget\" data-e-type=\"widget\" data-settings=\"{&quot;ekit_we_effect_on&quot;:&quot;none&quot;}\" data-widget_type=\"heading.default\">\n\t\t\t\t<div class=\"elementor-widget-container\">\n\t\t\t\t\t<h5 class=\"elementor-heading-title elementor-size-default\">Informativa sulla privacy<\/h5>\t\t\t\t<\/div>\n\t\t\t\t<\/div>\n\t\t\t\t<div class=\"elementor-element elementor-element-4f369b0d elementor-widget elementor-widget-heading\" data-id=\"4f369b0d\" data-element_type=\"widget\" data-e-type=\"widget\" data-settings=\"{&quot;ekit_we_effect_on&quot;:&quot;none&quot;}\" data-widget_type=\"heading.default\">\n\t\t\t\t<div class=\"elementor-widget-container\">\n\t\t\t\t\t<h2 class=\"elementor-heading-title elementor-size-default\">Informativa sulla privacy.<\/h2>\t\t\t\t<\/div>\n\t\t\t\t<\/div>\n\t\t\t\t<div class=\"elementor-element elementor-element-436c7aac elementor-widget-divider--view-line elementor-widget elementor-widget-divider\" data-id=\"436c7aac\" data-element_type=\"widget\" data-e-type=\"widget\" data-settings=\"{&quot;ekit_we_effect_on&quot;:&quot;none&quot;}\" data-widget_type=\"divider.default\">\n\t\t\t\t<div class=\"elementor-widget-container\">\n\t\t\t\t\t\t\t<div class=\"elementor-divider\">\n\t\t\t<span class=\"elementor-divider-separator\">\n\t\t\t\t\t\t<\/span>\n\t\t<\/div>\n\t\t\t\t\t\t<\/div>\n\t\t\t\t<\/div>\n\t\t\t\t<div class=\"elementor-element elementor-element-1dabbce7 elementor-widget elementor-widget-text-editor\" data-id=\"1dabbce7\" data-element_type=\"widget\" data-e-type=\"widget\" data-settings=\"{&quot;ekit_we_effect_on&quot;:&quot;none&quot;}\" data-widget_type=\"text-editor.default\">\n\t\t\t\t<div class=\"elementor-widget-container\">\n\t\t\t\t\t\t\t\t\tIn considerazione della protezione dei dati personali, ACCA Communications LLC (di seguito denominata &#8220;la Societ\u00e0&#8221;) stipula la propria politica sulla privacy come segue.<br>La Societ\u00e0 fornir\u00e0 i Servizi al Cliente in buona fede e con la cura di un buon manager.<br>La Societ\u00e0 pu\u00f2 affidare il lavoro relativo alla fornitura dei Servizi a terzi sotto la sua responsabilit\u00e0.<br>\n\nSe la Societ\u00e0 riceve ID, password, dati, materiali, ecc. (di seguito denominati &#8220;Invii&#8221;) dal Cliente nell&#8217;ambito della fornitura dei Servizi, la Societ\u00e0 non utilizzer\u00e0 tali Invii oltre l&#8217;ambito necessario per la fornitura dei Servizi e li gestir\u00e0 con la cura di un buon manager.\n\nQuando utilizzate i nostri servizi e visitate il nostro sito web, registriamo le informazioni relative al vostro indirizzo IP e alle pagine visualizzate dal vostro browser come log del server (cronologia).<br>\n<h4>scopo di utilizzo<\/h4>\nInoltre, gli scopi per i quali raccogliamo informazioni sull&#8217;utente sono limitati ai tre seguenti<br>\n<ul>\n \t<li>Per rendere pi\u00f9 comoda la struttura e il design delle pagine visualizzate.<\/li>\n \t<li>Per fornirvi informazioni pi\u00f9 soddisfacenti sui nostri prodotti e servizi.<\/li>\n \t<li>Per inviarvi informazioni su offerte speciali e nuovi servizi.<\/li>\n<\/ul>\n<h4>Condivisione e divulgazione delle informazioni<\/h4>\nNon vendiamo n\u00e9 affittiamo a terzi le informazioni di identificazione personale dell&#8217;utente. Potremmo fornire le vostre informazioni di identificazione personale a terzi nei seguenti casi<br>\n<ul>\n \t<li>Quando c&#8217;\u00e8 il consenso dell&#8217;utente e di noi a condividere le informazioni.<\/li>\n \t<li>Qualora sia necessario per fornire i servizi richiesti dal cliente.<\/li>\n \t<li>Qualora sia necessario per i nostri agenti fornirvi i servizi da voi richiesti.<\/li>\n \t<li>(Se non otteniamo l&#8217;autorizzazione all&#8217;uso dei vostri dati, l&#8217;agente non potr\u00e0 utilizzare i vostri dati per scopi diversi da quelli prescritti).<\/li>\n \t<li>In risposta a un ordine legale o a un procedimento giudiziario.<\/li>\n \t<li>Il vostro comportamento \u00e8 contrario ai nostri termini e condizioni d&#8217;uso quando utilizzate le informazioni e i servizi che forniamo.<\/li>\n<\/ul><br>\n<h4>Misure di trattamento e protezione dei dati personali<\/h4>\nAl fine di proteggere rigorosamente i dati personali, implementeremo misure di sicurezza nella conservazione e nell&#8217;amministrazione e garantiremo la formazione e la consapevolezza dei dipendenti. L&#8217;azienda nomina un responsabile per la gestione delle informazioni personali e si assicura che le informazioni personali siano trattate in modo appropriato. Quando esternalizziamo il lavoro a un appaltatore esterno, selezioniamo un appaltatore in grado di proteggere adeguatamente le informazioni e di istruire e garantire la gestione delle informazioni personali nel contratto di esternalizzazione.<br>\n\n<h4>Modifiche all&#8217;informativa sulla privacy<\/h4>\nIl contenuto della presente Politica pu\u00f2 essere modificato senza preavviso all&#8217;Utente, salvo quanto diversamente previsto dalla legge o dalla presente Politica.\nSe non diversamente specificato dalla Societ\u00e0, la revisione dell&#8217;Informativa sulla privacy entrer\u00e0 in vigore dal momento della pubblicazione sul Sito web.<br>\n\n<h4>Punto di contatto per domande, gestione dei reclami, ecc.<\/h4>\nPer domande o reclami relativi al trattamento dei dati personali da parte della Societ\u00e0, si prega di contattare<br><br>\n\nNome della societ\u00e0: ACCA Communications LLC<br>\nReparto di contatto: Dipartimento di amministrazione aziendale<br>\nNumero di telefono: 050-3159-6003<br>\nIndirizzo e-mail: info@accacom.jp<br><br>\n\n<p style=\"text-align: right;\">1 dicembre 2014 Costituzione.<\/p>\t\t\t\t\t\t\t\t<\/div>\n\t\t\t\t<\/div>\n\t\t\t\t\t<\/div>\n\t\t<\/div>\n\t\t\t\t\t<\/div>\n\t\t<\/section>\n\t\t\t\t<\/div>\n\t\t","protected":false},"excerpt":{"rendered":"<p>Informativa sulla privacy Casa Informativa sulla privacy Informativa sulla privacy Informativa sulla privacy. In considerazione della protezione dei dati personali, ACCA Communications LLC (di seguito denominata &#8220;la Societ\u00e0&#8221;) stipula la propria politica sulla privacy come segue.La Societ\u00e0 fornir\u00e0 i Servizi al Cliente in buona fede e con la cura di un buon manager.La Societ\u00e0 pu\u00f2 [&hellip;]<\/p>\n","protected":false},"author":1,"featured_media":3859,"parent":0,"menu_order":0,"comment_status":"closed","ping_status":"closed","template":"elementor_header_footer","meta":{"sns_share_botton_hide":"","vkExUnit_sns_title":"","_vk_print_noindex":"","sitemap_hide":"","vkExUnit_sitemap":"","_veu_custom_css":"","veu_display_promotion_alert":"","_exclude_from_list_pages":"","vkexunit_cta_each_option":"","vkExUnit_childPageIndex":"","vkExUnit_pageList_ancestor":"","vkExUnit_contact_enable":"","footnotes":""},"class_list":["post-4951","page","type-page","status-publish","has-post-thumbnail","hentry"],"veu_head_title_object":{"title":"","add_site_title":""},"_links":{"self":[{"href":"https:\/\/accacom.jp\/it\/wp-json\/wp\/v2\/pages\/4951","targetHints":{"allow":["GET"]}}],"collection":[{"href":"https:\/\/accacom.jp\/it\/wp-json\/wp\/v2\/pages"}],"about":[{"href":"https:\/\/accacom.jp\/it\/wp-json\/wp\/v2\/types\/page"}],"author":[{"embeddable":true,"href":"https:\/\/accacom.jp\/it\/wp-json\/wp\/v2\/users\/1"}],"replies":[{"embeddable":true,"href":"https:\/\/accacom.jp\/it\/wp-json\/wp\/v2\/comments?post=4951"}],"version-history":[{"count":0,"href":"https:\/\/accacom.jp\/it\/wp-json\/wp\/v2\/pages\/4951\/revisions"}],"wp:featuredmedia":[{"embeddable":true,"href":"https:\/\/accacom.jp\/it\/wp-json\/wp\/v2\/media\/3859"}],"wp:attachment":[{"href":"https:\/\/accacom.jp\/it\/wp-json\/wp\/v2\/media?parent=4951"}],"curies":[{"name":"wp","href":"https:\/\/api.w.org\/{rel}","templated":true}]}}